{"id":18,"date":"2020-07-31T13:12:32","date_gmt":"2020-07-31T18:12:32","guid":{"rendered":"https:\/\/superiorconstructionservices.com\/?page_id=18"},"modified":"2021-07-06T10:09:50","modified_gmt":"2021-07-06T15:09:50","slug":"services","status":"publish","type":"page","link":"https:\/\/superiorconstructionservices.com\/es\/services\/","title":{"rendered":"Servicios"},"content":{"rendered":"<h1>Lo que hacemos<\/h1>\r\n<p>Vertimos hormig\u00f3n y mucho m\u00e1s.<\/p>\r\n<p>Nuestro equipo de primer nivel, experiencia en la industria y tecnolog\u00edas innovadoras nos permiten trabajar en proyectos de todos los tama\u00f1os y alcances en todas las industrias.<\/p>\r\n<h2>Nuestros servicios<\/h2>\r\n\r\n<h2>Cualquier tama\u00f1o. Cualquier alcance<br \/>Podemos manejarlo.<\/h2>\r\n<p><a role=\"button\" href=\"https:\/\/superiorconstructionservices.com\/es\/about\/\" target=\"_self\" rel=\"noopener noreferrer\"> Sobre nosotros <\/a> <a role=\"button\" href=\"https:\/\/superiorconstructionservices.com\/es\/careers\/\" target=\"_self\" rel=\"noopener noreferrer\"> Comience su carrera <\/a><\/p>\r\n<h2>\u00bfListo para construir?<\/h2>\r\n<p>Manteng\u00e1monos en contacto. Nos encantar\u00eda trabajar con usted en su pr\u00f3ximo proyecto.<\/p>\r\n<p><a role=\"button\" href=\"https:\/\/superiorconstructionservices.com\/es\/contact\/\" target=\"_self\" rel=\"noopener noreferrer\"> Cont\u00e1ctenos <\/a><\/p>","protected":false},"excerpt":{"rendered":"<p>What We Do We pour concrete, and so much more. Our top-notch team, industry experience, and innovative technologies let us work on projects of all sizes and scope across all industries. Our Services Any Size. Any Scope.We can handle it. About Us Start Your Career Ready to build? Let\u2019s get in touch. We\u2019d love to [&hellip;]<\/p>\n","protected":false},"author":1,"featured_media":0,"parent":0,"menu_order":0,"comment_status":"closed","ping_status":"closed","template":"","meta":{"_genesis_hide_title":false,"_genesis_hide_breadcrumbs":false,"_genesis_hide_singular_image":false,"_genesis_hide_footer_widgets":false,"_genesis_custom_body_class":"","_genesis_custom_post_class":"","_genesis_layout":"","footnotes":""},"class_list":{"0":"post-18","1":"page","2":"type-page","3":"status-publish","5":"entry"},"yoast_head":"<!-- This site is optimized with the Yoast SEO plugin v27.4 - https:\/\/yoast.com\/product\/yoast-seo-wordpress\/ -->\n<title>Services &#8211; Superior Construction Services<\/title>\n<meta name=\"description\" content=\"We work on construction and concrete-related projects, like site layout, concrete forming, rebar tying, and more.\" \/>\n<meta name=\"robots\" content=\"index, follow, max-snippet:-1, max-image-preview:large, max-video-preview:-1\" \/>\n<link rel=\"canonical\" href=\"https:\/\/superiorconstructionservices.com\/es\/services\/\" \/>\n<meta property=\"og:locale\" content=\"es_MX\" \/>\n<meta property=\"og:type\" content=\"article\" \/>\n<meta property=\"og:title\" content=\"Services &#8211; Superior Construction Services\" \/>\n<meta property=\"og:description\" content=\"We work on construction and concrete-related projects, like site layout, concrete forming, rebar tying, and more.\" \/>\n<meta property=\"og:url\" content=\"https:\/\/superiorconstructionservices.com\/es\/services\/\" \/>\n<meta property=\"og:site_name\" content=\"Superior Construction Services\" \/>\n<meta property=\"article:publisher\" content=\"https:\/\/www.facebook.com\/superiorconstructionservices\/\" \/>\n<meta property=\"article:modified_time\" content=\"2021-07-06T15:09:50+00:00\" \/>\n<meta name=\"twitter:card\" content=\"summary_large_image\" \/>\n<meta name=\"twitter:site\" content=\"@Superior2C\" \/>\n<script type=\"application\/ld+json\" class=\"yoast-schema-graph\">{\"@context\":\"https:\\\/\\\/schema.org\",\"@graph\":[{\"@type\":\"WebPage\",\"@id\":\"https:\\\/\\\/superiorconstructionservices.com\\\/services\\\/\",\"url\":\"https:\\\/\\\/superiorconstructionservices.com\\\/services\\\/\",\"name\":\"Services &#8211; Superior Construction Services\",\"isPartOf\":{\"@id\":\"https:\\\/\\\/superiorconstructionservices.com\\\/#website\"},\"datePublished\":\"2020-07-31T18:12:32+00:00\",\"dateModified\":\"2021-07-06T15:09:50+00:00\",\"description\":\"We work on construction and concrete-related projects, like site layout, concrete forming, rebar tying, and more.\",\"breadcrumb\":{\"@id\":\"https:\\\/\\\/superiorconstructionservices.com\\\/services\\\/#breadcrumb\"},\"inLanguage\":\"es\",\"potentialAction\":[{\"@type\":\"ReadAction\",\"target\":[\"https:\\\/\\\/superiorconstructionservices.com\\\/services\\\/\"]}]},{\"@type\":\"BreadcrumbList\",\"@id\":\"https:\\\/\\\/superiorconstructionservices.com\\\/services\\\/#breadcrumb\",\"itemListElement\":[{\"@type\":\"ListItem\",\"position\":1,\"name\":\"Home\",\"item\":\"https:\\\/\\\/superiorconstructionservices.com\\\/\"},{\"@type\":\"ListItem\",\"position\":2,\"name\":\"Services\"}]},{\"@type\":\"WebSite\",\"@id\":\"https:\\\/\\\/superiorconstructionservices.com\\\/#website\",\"url\":\"https:\\\/\\\/superiorconstructionservices.com\\\/\",\"name\":\"Superior Construction Services\",\"description\":\"Concrete and Construction Services in Texas\",\"publisher\":{\"@id\":\"https:\\\/\\\/superiorconstructionservices.com\\\/#organization\"},\"potentialAction\":[{\"@type\":\"SearchAction\",\"target\":{\"@type\":\"EntryPoint\",\"urlTemplate\":\"https:\\\/\\\/superiorconstructionservices.com\\\/?s={search_term_string}\"},\"query-input\":{\"@type\":\"PropertyValueSpecification\",\"valueRequired\":true,\"valueName\":\"search_term_string\"}}],\"inLanguage\":\"es\"},{\"@type\":\"Organization\",\"@id\":\"https:\\\/\\\/superiorconstructionservices.com\\\/#organization\",\"name\":\"Superior Construction Services\",\"url\":\"https:\\\/\\\/superiorconstructionservices.com\\\/\",\"logo\":{\"@type\":\"ImageObject\",\"inLanguage\":\"es\",\"@id\":\"https:\\\/\\\/superiorconstructionservices.com\\\/#\\\/schema\\\/logo\\\/image\\\/\",\"url\":\"https:\\\/\\\/superiorconstructionservices.com\\\/wp-content\\\/uploads\\\/2020\\\/08\\\/logo-SuperiorConstruction-black.png\",\"contentUrl\":\"https:\\\/\\\/superiorconstructionservices.com\\\/wp-content\\\/uploads\\\/2020\\\/08\\\/logo-SuperiorConstruction-black.png\",\"width\":203,\"height\":78,\"caption\":\"Superior Construction Services\"},\"image\":{\"@id\":\"https:\\\/\\\/superiorconstructionservices.com\\\/#\\\/schema\\\/logo\\\/image\\\/\"},\"sameAs\":[\"https:\\\/\\\/www.facebook.com\\\/superiorconstructionservices\\\/\",\"https:\\\/\\\/x.com\\\/Superior2C\",\"https:\\\/\\\/www.linkedin.com\\\/company\\\/superior-construction-services-tx\\\/\",\"https:\\\/\\\/www.youtube.com\\\/channel\\\/UCUDidzpCUKXRnWJJ_LIjR_w\"]}]}<\/script>\n<!-- \/ Yoast SEO plugin. -->","yoast_head_json":{"title":"Services &#8211; Superior Construction Services","description":"We work on construction and concrete-related projects, like site layout, concrete forming, rebar tying, and more.","robots":{"index":"index","follow":"follow","max-snippet":"max-snippet:-1","max-image-preview":"max-image-preview:large","max-video-preview":"max-video-preview:-1"},"canonical":"https:\/\/superiorconstructionservices.com\/es\/services\/","og_locale":"es_MX","og_type":"article","og_title":"Services &#8211; Superior Construction Services","og_description":"We work on construction and concrete-related projects, like site layout, concrete forming, rebar tying, and more.","og_url":"https:\/\/superiorconstructionservices.com\/es\/services\/","og_site_name":"Superior Construction Services","article_publisher":"https:\/\/www.facebook.com\/superiorconstructionservices\/","article_modified_time":"2021-07-06T15:09:50+00:00","twitter_card":"summary_large_image","twitter_site":"@Superior2C","schema":{"@context":"https:\/\/schema.org","@graph":[{"@type":"WebPage","@id":"https:\/\/superiorconstructionservices.com\/services\/","url":"https:\/\/superiorconstructionservices.com\/services\/","name":"Services &#8211; Superior Construction Services","isPartOf":{"@id":"https:\/\/superiorconstructionservices.com\/#website"},"datePublished":"2020-07-31T18:12:32+00:00","dateModified":"2021-07-06T15:09:50+00:00","description":"We work on construction and concrete-related projects, like site layout, concrete forming, rebar tying, and more.","breadcrumb":{"@id":"https:\/\/superiorconstructionservices.com\/services\/#breadcrumb"},"inLanguage":"es","potentialAction":[{"@type":"ReadAction","target":["https:\/\/superiorconstructionservices.com\/services\/"]}]},{"@type":"BreadcrumbList","@id":"https:\/\/superiorconstructionservices.com\/services\/#breadcrumb","itemListElement":[{"@type":"ListItem","position":1,"name":"Home","item":"https:\/\/superiorconstructionservices.com\/"},{"@type":"ListItem","position":2,"name":"Services"}]},{"@type":"WebSite","@id":"https:\/\/superiorconstructionservices.com\/#website","url":"https:\/\/superiorconstructionservices.com\/","name":"Servicios de construcci\u00f3n superiores","description":"Servicios de hormig\u00f3n y construcci\u00f3n en Texas","publisher":{"@id":"https:\/\/superiorconstructionservices.com\/#organization"},"potentialAction":[{"@type":"SearchAction","target":{"@type":"EntryPoint","urlTemplate":"https:\/\/superiorconstructionservices.com\/?s={search_term_string}"},"query-input":{"@type":"PropertyValueSpecification","valueRequired":true,"valueName":"search_term_string"}}],"inLanguage":"es"},{"@type":"Organization","@id":"https:\/\/superiorconstructionservices.com\/#organization","name":"Servicios de construcci\u00f3n superiores","url":"https:\/\/superiorconstructionservices.com\/","logo":{"@type":"ImageObject","inLanguage":"es","@id":"https:\/\/superiorconstructionservices.com\/#\/schema\/logo\/image\/","url":"https:\/\/superiorconstructionservices.com\/wp-content\/uploads\/2020\/08\/logo-SuperiorConstruction-black.png","contentUrl":"https:\/\/superiorconstructionservices.com\/wp-content\/uploads\/2020\/08\/logo-SuperiorConstruction-black.png","width":203,"height":78,"caption":"Superior Construction Services"},"image":{"@id":"https:\/\/superiorconstructionservices.com\/#\/schema\/logo\/image\/"},"sameAs":["https:\/\/www.facebook.com\/superiorconstructionservices\/","https:\/\/x.com\/Superior2C","https:\/\/www.linkedin.com\/company\/superior-construction-services-tx\/","https:\/\/www.youtube.com\/channel\/UCUDidzpCUKXRnWJJ_LIjR_w"]}]}},"_links":{"self":[{"href":"https:\/\/superiorconstructionservices.com\/es\/wp-json\/wp\/v2\/pages\/18","targetHints":{"allow":["GET"]}}],"collection":[{"href":"https:\/\/superiorconstructionservices.com\/es\/wp-json\/wp\/v2\/pages"}],"about":[{"href":"https:\/\/superiorconstructionservices.com\/es\/wp-json\/wp\/v2\/types\/page"}],"author":[{"embeddable":true,"href":"https:\/\/superiorconstructionservices.com\/es\/wp-json\/wp\/v2\/users\/1"}],"replies":[{"embeddable":true,"href":"https:\/\/superiorconstructionservices.com\/es\/wp-json\/wp\/v2\/comments?post=18"}],"version-history":[{"count":0,"href":"https:\/\/superiorconstructionservices.com\/es\/wp-json\/wp\/v2\/pages\/18\/revisions"}],"wp:attachment":[{"href":"https:\/\/superiorconstructionservices.com\/es\/wp-json\/wp\/v2\/media?parent=18"}],"curies":[{"name":"wp","href":"https:\/\/api.w.org\/{rel}","templated":true}]}}