{"id":21,"date":"2020-07-31T13:16:49","date_gmt":"2020-07-31T18:16:49","guid":{"rendered":"https:\/\/superiorconstructionservices.com\/?page_id=21"},"modified":"2026-01-15T14:55:23","modified_gmt":"2026-01-15T20:55:23","slug":"concrete-forming","status":"publish","type":"page","link":"https:\/\/superiorconstructionservices.com\/es\/services\/concrete-forming\/","title":{"rendered":"Conformado de hormig\u00f3n"},"content":{"rendered":"<h1>\n\t\t\tConformado de hormig\u00f3n de alta eficiencia\t<\/h1>\n\t<p>With hundreds of projects under our belt, our experienced team is able to work efficiently and-most importantly-safely.<\/p>\n<h2>\n\t\t\tForme paredes de casi cualquier forma o tama\u00f1o.\t<\/h2>\n\t<p>No hay ning\u00fan proyecto demasiado grande o demasiado peque\u00f1o. Utilizamos sistemas de encofrado dise\u00f1ados MEVA \u2122 y SYMONS \u2122 de alto rendimiento para garantizar resultados de calidad.<\/p>\n\t\t\t<h3>Sistemas de conformado modular<\/h3>\t\t\t\n\t\t\t\t<p>Utilizamos los sistemas de encofrado modular MEVA \u2122 y SYMONS \u2122 para moldear el hormig\u00f3n en formas complejas y elevadas.<\/p>\n\t\t\t<h3>Soluciones personalizadas<\/h3>\t\t\t\n\t\t\t\t<p>Nuestros sistemas de formularios est\u00e1n dise\u00f1ados espec\u00edficamente para la aplicaci\u00f3n seg\u00fan las necesidades del cliente y del horario.<\/p>\n\t\t\t<h3>Una tripulaci\u00f3n experimentada<\/h3>\t\t\t\n\t\t\t\t<p>Not only do our forming systems help us get projects done efficiently-our people understand the challenges and complexity of each project.<\/p>\n\t\t\t<a href=\"https:\/\/superiorconstructionservices.com\/es\/contact\/\"  target=\"_self\">\n\t\t\t\t\t\t\tConsigue una cotizaci\u00f3n\n\t\t\t\t\t<\/a>\n\t\t\t<p>&#8220;The speed of the crew&#8217;s work while maintaining a quality project was amazing. All the anchor bolts are set with a GPS, so everything fits very well when we place our steel. You can tell by how we&#8217;re treated that Superior Construction Services values long-term relationships.&#8221;<\/p>\n<p>&#8211; Austin Schmidgall, Superior Industries, Inc., Director of Construction Management<\/p>\n\t\t\t<p>&#8220;I have been working with Superior for approx. one year and have nothing but prompt and quality service on all jobs large or small and as always safety is first and foremost with Superior.&#8221;- Danny Arnold, C2 Pipeline, Operations Manager<\/p>\t\t\n\t\t\t<p>&#8220;I have worked with Superior for over 5 years. Since our first job together, they have been my preferred concrete contractor from projects small to large. The confidence I have in them to get the job done with high quality and on time allows me the freedom to focus on other variables throughout the course of a project.&#8221;- Nathan Hunziker, Vulcan Materials Company, Project Manager<\/p>\t\t\n\t\t\t<p>&#8220;These guys are experts in solving problems and issues during construction. Having worked with Superior for over 15 years, we&#8217;ve always found them to be very responsive on every project &#8211; regardless of the scope. We will continue to do business with Superior and strongly recommend them!&#8221;- Cecil Trammell &#8211; MYCO Development &amp; Construction &#8211; President<\/p>\t\t\n\t\t\t<p>&#8220;Superior Construction Services defines quality civil work through top-notch performance and competitive pricing. They &#8220;set the bar&#8221; for quality work with our high-profile clients. Superior&#8217;s Management Team has the experience to navigate complex projects and deliver competitive common sense solutions with a &#8220;Team-First&#8221; attitude.&#8221;- Joe Foyt, Project Manager Blakely Construction<\/p>\t\t\n<h2>\n\t\t\t\u00bfListo para comenzar?\t<\/h2>\n\t<p>Let&#8217;s get in touch. We&#8217;d love to work with you on your next project.<\/p>\n\t\t\t<a href=\"https:\/\/superiorconstructionservices.com\/es\/contact\/\"  target=\"_self\">\n\t\t\t\t\t\t\tCont\u00e1ctenos\n\t\t\t\t\t<\/a>\n<h2>\n\t\t\tM\u00e1s servicios\t<\/h2>\n\t\t\t\t<img decoding=\"async\" src=\"https:\/\/superiorconstructionservices.com\/wp-content\/uploads\/2020\/08\/Site-Layout.jpg\" alt=\"Superior Construction worker using a robotic total station\"\/>\n\t\t\t<h3>Plano del sitio<\/h3>\n\t\t\t\t<p>M\u00e1s informaci\u00f3n \u2192<\/p>\n\t\t<a href=\"https:\/\/superiorconstructionservices.com\/es\/services\/construction-site-layout\/\" target=\"_self\"  aria-label=\"Go to https:\/\/superiorconstructionservices.com\/services\/construction-site-layout\/\"><\/a>\n\t\t\t\t<img decoding=\"async\" src=\"https:\/\/superiorconstructionservices.com\/wp-content\/uploads\/2020\/08\/service-excavation.jpg\" alt=\"Excavator\"\/>\n\t\t\t<h3>Excavaci\u00f3n<\/h3>\n\t\t\t\t<p>M\u00e1s informaci\u00f3n \u2192<\/p>\n\t\t<a href=\"https:\/\/superiorconstructionservices.com\/es\/services\/excavation\/\" target=\"_self\"  aria-label=\"Go to https:\/\/superiorconstructionservices.com\/services\/excavation\/\"><\/a>\n\t\t\t\t<img decoding=\"async\" src=\"https:\/\/superiorconstructionservices.com\/wp-content\/uploads\/2020\/08\/services-slider-rebar.jpg\" alt=\"services-slider-rebar\"\/>\n\t\t\t<h3>Atado de barras de refuerzo y refuerzo de acero<\/h3>\n\t\t\t\t<p>M\u00e1s informaci\u00f3n \u2192<\/p>\n\t\t<a href=\"https:\/\/superiorconstructionservices.com\/es\/services\/rebar-tying-steel-reinforcement\/\" target=\"_self\"  aria-label=\"Go to https:\/\/superiorconstructionservices.com\/services\/rebar-tying-steel-reinforcement\/\"><\/a>\n\t\t\t\t<img decoding=\"async\" src=\"https:\/\/superiorconstructionservices.com\/wp-content\/uploads\/2020\/08\/service-anchor-bolts-1.jpg\" alt=\"Superior Construction anchor bolts\"\/>\n\t\t\t<h3>Pernos de anclaje e incrustaciones<\/h3>\n\t\t\t\t<p>M\u00e1s informaci\u00f3n \u2192<\/p>\n\t\t<a href=\"https:\/\/superiorconstructionservices.com\/es\/services\/anchor-bolts-embeds\/\" target=\"_self\"  aria-label=\"Go to https:\/\/superiorconstructionservices.com\/services\/anchor-bolts-embeds\/\"><\/a>\n\t\t\t\t<img decoding=\"async\" src=\"https:\/\/superiorconstructionservices.com\/wp-content\/uploads\/2023\/01\/Haslet_4-22-Edit-scaled.jpg\" alt=\"Haslet_4-22-Edit\"\/>\n\t\t\t<h3>Apoyo a la gesti\u00f3n de proyectos<\/h3>\n\t\t\t\t<p>M\u00e1s informaci\u00f3n \u2192<\/p>\n\t\t<a href=\"https:\/\/superiorconstructionservices.com\/es\/services\/project-management-support\/\" target=\"_self\"  aria-label=\"Go to https:\/\/superiorconstructionservices.com\/services\/project-management-support\/\"><\/a>","protected":false},"excerpt":{"rendered":"<p>High Efficiency Concrete Forming With hundreds of projects under our belt, our experienced team is able to work efficiently and-most importantly-safely. Form walls of almost any shape or size. There&#8217;s no project too big or too small. We utilize high-performing MEVA\u2122 and SYMONS\u2122 engineered forming systems to ensure quality results. Modular Forming Systems We utilize [&hellip;]<\/p>\n","protected":false},"author":1,"featured_media":0,"parent":18,"menu_order":0,"comment_status":"closed","ping_status":"closed","template":"","meta":{"_genesis_hide_title":false,"_genesis_hide_breadcrumbs":false,"_genesis_hide_singular_image":false,"_genesis_hide_footer_widgets":false,"_genesis_custom_body_class":"","_genesis_custom_post_class":"","_genesis_layout":"","footnotes":""},"class_list":{"0":"post-21","1":"page","2":"type-page","3":"status-publish","5":"entry"},"yoast_head":"<!-- This site is optimized with the Yoast SEO plugin v27.4 - https:\/\/yoast.com\/product\/yoast-seo-wordpress\/ -->\n<title>Concrete Forming &#8211; Superior Construction Services<\/title>\n<meta name=\"description\" content=\"Form concrete walls of almost any shape or size. There&#039;s no project too big or too small.\" \/>\n<meta name=\"robots\" content=\"index, follow, max-snippet:-1, max-image-preview:large, max-video-preview:-1\" \/>\n<link rel=\"canonical\" href=\"https:\/\/superiorconstructionservices.com\/es\/services\/concrete-forming\/\" \/>\n<meta property=\"og:locale\" content=\"es_MX\" \/>\n<meta property=\"og:type\" content=\"article\" \/>\n<meta property=\"og:title\" content=\"Concrete Forming &#8211; Superior Construction Services\" \/>\n<meta property=\"og:description\" content=\"Form concrete walls of almost any shape or size. There&#039;s no project too big or too small.\" \/>\n<meta property=\"og:url\" content=\"https:\/\/superiorconstructionservices.com\/es\/services\/concrete-forming\/\" \/>\n<meta property=\"og:site_name\" content=\"Superior Construction Services\" \/>\n<meta property=\"article:publisher\" content=\"https:\/\/www.facebook.com\/superiorconstructionservices\/\" \/>\n<meta property=\"article:modified_time\" content=\"2026-01-15T20:55:23+00:00\" \/>\n<meta property=\"og:image\" content=\"https:\/\/superiorconstructionservices.com\/wp-content\/uploads\/2020\/08\/Site-Layout.jpg\" \/>\n<meta name=\"twitter:card\" content=\"summary_large_image\" \/>\n<meta name=\"twitter:site\" content=\"@Superior2C\" \/>\n<meta name=\"twitter:label1\" content=\"Tiempo de lectura\" \/>\n\t<meta name=\"twitter:data1\" content=\"2 minutos\" \/>\n<script type=\"application\/ld+json\" class=\"yoast-schema-graph\">{\"@context\":\"https:\\\/\\\/schema.org\",\"@graph\":[{\"@type\":\"WebPage\",\"@id\":\"https:\\\/\\\/superiorconstructionservices.com\\\/services\\\/concrete-forming\\\/\",\"url\":\"https:\\\/\\\/superiorconstructionservices.com\\\/services\\\/concrete-forming\\\/\",\"name\":\"Concrete Forming &#8211; Superior Construction Services\",\"isPartOf\":{\"@id\":\"https:\\\/\\\/superiorconstructionservices.com\\\/#website\"},\"primaryImageOfPage\":{\"@id\":\"https:\\\/\\\/superiorconstructionservices.com\\\/services\\\/concrete-forming\\\/#primaryimage\"},\"image\":{\"@id\":\"https:\\\/\\\/superiorconstructionservices.com\\\/services\\\/concrete-forming\\\/#primaryimage\"},\"thumbnailUrl\":\"https:\\\/\\\/superiorconstructionservices.com\\\/wp-content\\\/uploads\\\/2020\\\/08\\\/Site-Layout.jpg\",\"datePublished\":\"2020-07-31T18:16:49+00:00\",\"dateModified\":\"2026-01-15T20:55:23+00:00\",\"description\":\"Form concrete walls of almost any shape or size. There's no project too big or too small.\",\"breadcrumb\":{\"@id\":\"https:\\\/\\\/superiorconstructionservices.com\\\/services\\\/concrete-forming\\\/#breadcrumb\"},\"inLanguage\":\"es\",\"potentialAction\":[{\"@type\":\"ReadAction\",\"target\":[\"https:\\\/\\\/superiorconstructionservices.com\\\/services\\\/concrete-forming\\\/\"]}]},{\"@type\":\"ImageObject\",\"inLanguage\":\"es\",\"@id\":\"https:\\\/\\\/superiorconstructionservices.com\\\/services\\\/concrete-forming\\\/#primaryimage\",\"url\":\"https:\\\/\\\/superiorconstructionservices.com\\\/wp-content\\\/uploads\\\/2020\\\/08\\\/Site-Layout.jpg\",\"contentUrl\":\"https:\\\/\\\/superiorconstructionservices.com\\\/wp-content\\\/uploads\\\/2020\\\/08\\\/Site-Layout.jpg\"},{\"@type\":\"BreadcrumbList\",\"@id\":\"https:\\\/\\\/superiorconstructionservices.com\\\/services\\\/concrete-forming\\\/#breadcrumb\",\"itemListElement\":[{\"@type\":\"ListItem\",\"position\":1,\"name\":\"Home\",\"item\":\"https:\\\/\\\/superiorconstructionservices.com\\\/\"},{\"@type\":\"ListItem\",\"position\":2,\"name\":\"Services\",\"item\":\"https:\\\/\\\/superiorconstructionservices.com\\\/services\\\/\"},{\"@type\":\"ListItem\",\"position\":3,\"name\":\"Concrete Forming\"}]},{\"@type\":\"WebSite\",\"@id\":\"https:\\\/\\\/superiorconstructionservices.com\\\/#website\",\"url\":\"https:\\\/\\\/superiorconstructionservices.com\\\/\",\"name\":\"Superior Construction Services\",\"description\":\"Concrete and Construction Services in Texas\",\"publisher\":{\"@id\":\"https:\\\/\\\/superiorconstructionservices.com\\\/#organization\"},\"potentialAction\":[{\"@type\":\"SearchAction\",\"target\":{\"@type\":\"EntryPoint\",\"urlTemplate\":\"https:\\\/\\\/superiorconstructionservices.com\\\/?s={search_term_string}\"},\"query-input\":{\"@type\":\"PropertyValueSpecification\",\"valueRequired\":true,\"valueName\":\"search_term_string\"}}],\"inLanguage\":\"es\"},{\"@type\":\"Organization\",\"@id\":\"https:\\\/\\\/superiorconstructionservices.com\\\/#organization\",\"name\":\"Superior Construction Services\",\"url\":\"https:\\\/\\\/superiorconstructionservices.com\\\/\",\"logo\":{\"@type\":\"ImageObject\",\"inLanguage\":\"es\",\"@id\":\"https:\\\/\\\/superiorconstructionservices.com\\\/#\\\/schema\\\/logo\\\/image\\\/\",\"url\":\"https:\\\/\\\/superiorconstructionservices.com\\\/wp-content\\\/uploads\\\/2020\\\/08\\\/logo-SuperiorConstruction-black.png\",\"contentUrl\":\"https:\\\/\\\/superiorconstructionservices.com\\\/wp-content\\\/uploads\\\/2020\\\/08\\\/logo-SuperiorConstruction-black.png\",\"width\":203,\"height\":78,\"caption\":\"Superior Construction Services\"},\"image\":{\"@id\":\"https:\\\/\\\/superiorconstructionservices.com\\\/#\\\/schema\\\/logo\\\/image\\\/\"},\"sameAs\":[\"https:\\\/\\\/www.facebook.com\\\/superiorconstructionservices\\\/\",\"https:\\\/\\\/x.com\\\/Superior2C\",\"https:\\\/\\\/www.linkedin.com\\\/company\\\/superior-construction-services-tx\\\/\",\"https:\\\/\\\/www.youtube.com\\\/channel\\\/UCUDidzpCUKXRnWJJ_LIjR_w\"]}]}<\/script>\n<!-- \/ Yoast SEO plugin. -->","yoast_head_json":{"title":"Concrete Forming &#8211; Superior Construction Services","description":"Form concrete walls of almost any shape or size. There's no project too big or too small.","robots":{"index":"index","follow":"follow","max-snippet":"max-snippet:-1","max-image-preview":"max-image-preview:large","max-video-preview":"max-video-preview:-1"},"canonical":"https:\/\/superiorconstructionservices.com\/es\/services\/concrete-forming\/","og_locale":"es_MX","og_type":"article","og_title":"Concrete Forming &#8211; Superior Construction Services","og_description":"Form concrete walls of almost any shape or size. There's no project too big or too small.","og_url":"https:\/\/superiorconstructionservices.com\/es\/services\/concrete-forming\/","og_site_name":"Superior Construction Services","article_publisher":"https:\/\/www.facebook.com\/superiorconstructionservices\/","article_modified_time":"2026-01-15T20:55:23+00:00","og_image":[{"url":"https:\/\/superiorconstructionservices.com\/wp-content\/uploads\/2020\/08\/Site-Layout.jpg","type":"","width":"","height":""}],"twitter_card":"summary_large_image","twitter_site":"@Superior2C","twitter_misc":{"Tiempo de lectura":"2 minutos"},"schema":{"@context":"https:\/\/schema.org","@graph":[{"@type":"WebPage","@id":"https:\/\/superiorconstructionservices.com\/services\/concrete-forming\/","url":"https:\/\/superiorconstructionservices.com\/services\/concrete-forming\/","name":"Concrete Forming &#8211; Superior Construction Services","isPartOf":{"@id":"https:\/\/superiorconstructionservices.com\/#website"},"primaryImageOfPage":{"@id":"https:\/\/superiorconstructionservices.com\/services\/concrete-forming\/#primaryimage"},"image":{"@id":"https:\/\/superiorconstructionservices.com\/services\/concrete-forming\/#primaryimage"},"thumbnailUrl":"https:\/\/superiorconstructionservices.com\/wp-content\/uploads\/2020\/08\/Site-Layout.jpg","datePublished":"2020-07-31T18:16:49+00:00","dateModified":"2026-01-15T20:55:23+00:00","description":"Form concrete walls of almost any shape or size. There's no project too big or too small.","breadcrumb":{"@id":"https:\/\/superiorconstructionservices.com\/services\/concrete-forming\/#breadcrumb"},"inLanguage":"es","potentialAction":[{"@type":"ReadAction","target":["https:\/\/superiorconstructionservices.com\/services\/concrete-forming\/"]}]},{"@type":"ImageObject","inLanguage":"es","@id":"https:\/\/superiorconstructionservices.com\/services\/concrete-forming\/#primaryimage","url":"https:\/\/superiorconstructionservices.com\/wp-content\/uploads\/2020\/08\/Site-Layout.jpg","contentUrl":"https:\/\/superiorconstructionservices.com\/wp-content\/uploads\/2020\/08\/Site-Layout.jpg"},{"@type":"BreadcrumbList","@id":"https:\/\/superiorconstructionservices.com\/services\/concrete-forming\/#breadcrumb","itemListElement":[{"@type":"ListItem","position":1,"name":"Home","item":"https:\/\/superiorconstructionservices.com\/"},{"@type":"ListItem","position":2,"name":"Services","item":"https:\/\/superiorconstructionservices.com\/services\/"},{"@type":"ListItem","position":3,"name":"Concrete Forming"}]},{"@type":"WebSite","@id":"https:\/\/superiorconstructionservices.com\/#website","url":"https:\/\/superiorconstructionservices.com\/","name":"Servicios de construcci\u00f3n superiores","description":"Servicios de hormig\u00f3n y construcci\u00f3n en Texas","publisher":{"@id":"https:\/\/superiorconstructionservices.com\/#organization"},"potentialAction":[{"@type":"SearchAction","target":{"@type":"EntryPoint","urlTemplate":"https:\/\/superiorconstructionservices.com\/?s={search_term_string}"},"query-input":{"@type":"PropertyValueSpecification","valueRequired":true,"valueName":"search_term_string"}}],"inLanguage":"es"},{"@type":"Organization","@id":"https:\/\/superiorconstructionservices.com\/#organization","name":"Servicios de construcci\u00f3n superiores","url":"https:\/\/superiorconstructionservices.com\/","logo":{"@type":"ImageObject","inLanguage":"es","@id":"https:\/\/superiorconstructionservices.com\/#\/schema\/logo\/image\/","url":"https:\/\/superiorconstructionservices.com\/wp-content\/uploads\/2020\/08\/logo-SuperiorConstruction-black.png","contentUrl":"https:\/\/superiorconstructionservices.com\/wp-content\/uploads\/2020\/08\/logo-SuperiorConstruction-black.png","width":203,"height":78,"caption":"Superior Construction Services"},"image":{"@id":"https:\/\/superiorconstructionservices.com\/#\/schema\/logo\/image\/"},"sameAs":["https:\/\/www.facebook.com\/superiorconstructionservices\/","https:\/\/x.com\/Superior2C","https:\/\/www.linkedin.com\/company\/superior-construction-services-tx\/","https:\/\/www.youtube.com\/channel\/UCUDidzpCUKXRnWJJ_LIjR_w"]}]}},"_links":{"self":[{"href":"https:\/\/superiorconstructionservices.com\/es\/wp-json\/wp\/v2\/pages\/21","targetHints":{"allow":["GET"]}}],"collection":[{"href":"https:\/\/superiorconstructionservices.com\/es\/wp-json\/wp\/v2\/pages"}],"about":[{"href":"https:\/\/superiorconstructionservices.com\/es\/wp-json\/wp\/v2\/types\/page"}],"author":[{"embeddable":true,"href":"https:\/\/superiorconstructionservices.com\/es\/wp-json\/wp\/v2\/users\/1"}],"replies":[{"embeddable":true,"href":"https:\/\/superiorconstructionservices.com\/es\/wp-json\/wp\/v2\/comments?post=21"}],"version-history":[{"count":0,"href":"https:\/\/superiorconstructionservices.com\/es\/wp-json\/wp\/v2\/pages\/21\/revisions"}],"up":[{"embeddable":true,"href":"https:\/\/superiorconstructionservices.com\/es\/wp-json\/wp\/v2\/pages\/18"}],"wp:attachment":[{"href":"https:\/\/superiorconstructionservices.com\/es\/wp-json\/wp\/v2\/media?parent=21"}],"curies":[{"name":"wp","href":"https:\/\/api.w.org\/{rel}","templated":true}]}}