{"id":361,"date":"2020-08-27T16:33:57","date_gmt":"2020-08-27T21:33:57","guid":{"rendered":"https:\/\/superiorconstructionservices.com\/?page_id=361"},"modified":"2020-08-31T10:32:59","modified_gmt":"2020-08-31T15:32:59","slug":"equipment-transport","status":"publish","type":"page","link":"https:\/\/superiorconstructionservices.com\/es\/services\/equipment-transport\/","title":{"rendered":"Equipo y transporte"},"content":{"rendered":"<h1>\n\t\tEquipment &#038; Transport Services\n\t<\/h1>\n\t<p>Para mantener la flexibilidad y la puntualidad del proyecto, somos propietarios de nuestra propia flota de equipos de construcci\u00f3n y camiones de transporte.<\/p>\n<h2>\n\t\tResponsivo y confiable\n\t<\/h2>\n\t\t\t<h3>Self-Reliant<\/h3>\t\t\t\n\t\t\t\t<p>Construction equipment ranging from skid steers, telehandlers, excavators, and more to allow us be nearly 100% self-reliant on projects.<\/p>\n\t\t\t<h3>Timely Delivery<\/h3>\t\t\t\n\t\t\t\t<p>By employing full time drivers, shop workers and owning semis outfitted to haul equipment and construction materials, we can control the timeliness of all deliveries.<\/p>\n\t\t\t<h3>In-House Maintenance<\/h3>\t\t\t\n\t\t\t\t<p>We employee a full time maintenance staff with service vehicles available 24&#215;7 to properly service all fleet equipment.<\/p>\n\t\t\t<a href=\"https:\/\/superiorconstructionservices.com\/es\/contact\/\" target=\"_self\" role=\"button\" rel=\"noopener noreferrer\">\n\t\t\t\t\t\t\tConsigue una cotizaci\u00f3n\n\t\t\t\t\t<\/a>\n\t\t\t<p>\u201cChad Rich y Superior Concrete definen la obra civil de calidad a trav\u00e9s de un desempe\u00f1o de primer nivel y precios competitivos. Ellos &quot;establecen el est\u00e1ndar&quot; para un trabajo de calidad con nuestros clientes de alto perfil. El equipo de administraci\u00f3n de Superior tiene la experiencia para navegar en proyectos complejos y ofrecer soluciones competitivas de sentido com\u00fan con una actitud de &quot;equipo primero&quot;.<\/p>\n<p>- Joe Foyt, Gerente de Proyecto Blakely Construction<\/p>\n\t\t\t<p>\u201cHe trabajado con Superior por m\u00e1s de 5 a\u00f1os. Desde nuestro primer trabajo juntos, han sido mi contratista de concreto preferido desde proyectos peque\u00f1os a grandes. La confianza que tengo en ellos para hacer el trabajo con alta calidad y a tiempo me permite la libertad de concentrarme en otras variables durante el transcurso de un proyecto. \u201d- Nathan Hunziker, Vulcan Materials Company, Gerente de Proyecto<\/p>\t\t\n\t\t\t<p>\u201cEstos muchachos son expertos en resolver problemas y problemas durante la construcci\u00f3n. Despu\u00e9s de haber trabajado con Superior durante m\u00e1s de 15 a\u00f1os, siempre nos han parecido muy receptivos en cada proyecto, independientemente del alcance. Continuaremos haciendo negocios con Superior y los recomendamos encarecidamente &quot;.<\/p>\n<p>\u2014 Cecil Trammell &#8211; MYCO Development &amp; Construction 1 &#8211; President<\/p>\n\t\t\t<p>\u201cHe trabajado con Superior durante aprox. un a\u00f1o y no tener nada m\u00e1s que un servicio r\u00e1pido y de calidad en todos los trabajos grandes o peque\u00f1os y, como siempre, la seguridad es lo primero y m\u00e1s importante con Superior \u201d. - Danny Arnold, C2 Pipeline, Gerente de operaciones<\/p>\t\t\n<h2>\n\t\t\u00bfListo para comenzar?\n\t<\/h2>\n\t<p>Manteng\u00e1monos en contacto. Nos encantar\u00eda trabajar con usted en su pr\u00f3ximo proyecto.<\/p>\n\t\t\t<a href=\"https:\/\/superiorconstructionservices.com\/es\/contact\/\" target=\"_self\" role=\"button\" rel=\"noopener noreferrer\">\n\t\t\t\t\t\t\tCont\u00e1ctenos\n\t\t\t\t\t<\/a>\n<h2>\n\t\tM\u00e1s servicios\n\t<\/h2>\n\t\t\t\t<img decoding=\"async\" src=\"https:\/\/superiorconstructionservices.com\/wp-content\/uploads\/2020\/08\/Site-Layout.jpg\" alt=\"Superior Construction worker using a robotic total station\">\n\t\t\t<h3>Plano del sitio<\/h3>\n\t\t\t\t<p>M\u00e1s informaci\u00f3n \u2192<\/p>\n\t\t<a href=\"https:\/\/superiorconstructionservices.com\/es\/services\/construction-site-layout\/\" target=\"_self\" rel=\"noopener noreferrer\"><\/a>\n\t\t\t\t<img decoding=\"async\" src=\"https:\/\/superiorconstructionservices.com\/wp-content\/uploads\/2020\/08\/service-excavation.jpg\" alt=\"Excavator\">\n\t\t\t<h3>Excavaci\u00f3n<\/h3>\n\t\t\t\t<p>M\u00e1s informaci\u00f3n \u2192<\/p>\n\t\t<a href=\"https:\/\/superiorconstructionservices.com\/es\/services\/excavation\/\" target=\"_self\" rel=\"noopener noreferrer\"><\/a>\n\t\t\t\t<img decoding=\"async\" src=\"https:\/\/superiorconstructionservices.com\/wp-content\/uploads\/2020\/08\/service-forming-1.jpg\" alt=\"Superior Construction Crew forming a concrete wall\">\n\t\t\t<h3>Conformado de hormig\u00f3n<\/h3>\n\t\t\t\t<p>M\u00e1s informaci\u00f3n \u2192<\/p>\n\t\t<a href=\"https:\/\/superiorconstructionservices.com\/es\/services\/concrete-forming\/\" target=\"_self\" rel=\"noopener noreferrer\"><\/a>\n\t\t\t\t<img decoding=\"async\" src=\"https:\/\/superiorconstructionservices.com\/wp-content\/uploads\/2020\/08\/services-slider-rebar.jpg\" alt=\"services-slider-rebar\">\n\t\t\t<h3>Atado de barras de refuerzo y refuerzo de acero<\/h3>\n\t\t\t\t<p>M\u00e1s informaci\u00f3n \u2192<\/p>\n\t\t<a href=\"https:\/\/superiorconstructionservices.com\/es\/services\/rebar-tying-steel-reinforcement\/\" target=\"_self\" rel=\"noopener noreferrer\"><\/a>\n\t\t\t\t<img decoding=\"async\" src=\"https:\/\/superiorconstructionservices.com\/wp-content\/uploads\/2020\/08\/service-anchor-bolts-1.jpg\" alt=\"Superior Construction anchor bolts\">\n\t\t\t<h3>Pernos de anclaje e incrustaciones<\/h3>\n\t\t\t\t<p>M\u00e1s informaci\u00f3n \u2192<\/p>\n\t\t<a href=\"https:\/\/superiorconstructionservices.com\/es\/services\/anchor-bolts-embeds\/\" target=\"_self\" rel=\"noopener noreferrer\"><\/a>\n\t\t\t\t<img decoding=\"async\" src=\"https:\/\/superiorconstructionservices.com\/wp-content\/uploads\/2020\/08\/services-slider-project-mgmt.jpg\" alt=\"services-slider-project-mgmt\">\n\t\t\t<h3>Apoyo a la gesti\u00f3n de proyectos<\/h3>\n\t\t\t\t<p>M\u00e1s informaci\u00f3n \u2192<\/p>\n\t\t<a href=\"https:\/\/superiorconstructionservices.com\/es\/services\/project-management-support\/\" target=\"_self\" rel=\"noopener noreferrer\"><\/a>","protected":false},"excerpt":{"rendered":"<p>Equipment &#038; Transport Services To maintain project flexibility and timeliness, we own our own fleet of construction equipment and haul trucks. Responsive &#038; Reliable Self-Reliant Construction equipment ranging from skid steers, telehandlers, excavators, and more to allow us be nearly 100% self-reliant on projects. Timely Delivery By employing full time drivers, shop workers and owning [&hellip;]<\/p>\n","protected":false},"author":1,"featured_media":0,"parent":18,"menu_order":0,"comment_status":"closed","ping_status":"closed","template":"","meta":{"_genesis_hide_title":false,"_genesis_hide_breadcrumbs":false,"_genesis_hide_singular_image":false,"_genesis_hide_footer_widgets":false,"_genesis_custom_body_class":"","_genesis_custom_post_class":"","_genesis_layout":"","footnotes":""},"class_list":{"0":"post-361","1":"page","2":"type-page","3":"status-publish","5":"entry"},"yoast_head":"<!-- This site is optimized with the Yoast SEO plugin v27.5 - https:\/\/yoast.com\/product\/yoast-seo-wordpress\/ -->\n<title>Equipment &amp; Transport &#8211; Superior Construction Services<\/title>\n<meta name=\"robots\" content=\"index, follow, max-snippet:-1, max-image-preview:large, max-video-preview:-1\" \/>\n<link rel=\"canonical\" href=\"https:\/\/superiorconstructionservices.com\/es\/services\/equipment-transport\/\" \/>\n<meta property=\"og:locale\" content=\"es_MX\" \/>\n<meta property=\"og:type\" content=\"article\" \/>\n<meta property=\"og:title\" content=\"Equipment &amp; Transport &#8211; Superior Construction Services\" \/>\n<meta property=\"og:description\" content=\"Equipment &#038; Transport Services To maintain project flexibility and timeliness, we own our own fleet of construction equipment and haul trucks. Responsive &#038; Reliable Self-Reliant Construction equipment ranging from skid steers, telehandlers, excavators, and more to allow us be nearly 100% self-reliant on projects. Timely Delivery By employing full time drivers, shop workers and owning [&hellip;]\" \/>\n<meta property=\"og:url\" content=\"https:\/\/superiorconstructionservices.com\/es\/services\/equipment-transport\/\" \/>\n<meta property=\"og:site_name\" content=\"Superior Construction Services\" \/>\n<meta property=\"article:publisher\" content=\"https:\/\/www.facebook.com\/superiorconstructionservices\/\" \/>\n<meta property=\"article:modified_time\" content=\"2020-08-31T15:32:59+00:00\" \/>\n<meta property=\"og:image\" content=\"https:\/\/superiorconstructionservices.com\/wp-content\/uploads\/2020\/08\/Site-Layout.jpg\" \/>\n<meta name=\"twitter:card\" content=\"summary_large_image\" \/>\n<meta name=\"twitter:site\" content=\"@Superior2C\" \/>\n<meta name=\"twitter:label1\" content=\"Tiempo de lectura\" \/>\n\t<meta name=\"twitter:data1\" content=\"2 minutos\" \/>\n<script type=\"application\/ld+json\" class=\"yoast-schema-graph\">{\"@context\":\"https:\\\/\\\/schema.org\",\"@graph\":[{\"@type\":\"WebPage\",\"@id\":\"https:\\\/\\\/superiorconstructionservices.com\\\/services\\\/equipment-transport\\\/\",\"url\":\"https:\\\/\\\/superiorconstructionservices.com\\\/services\\\/equipment-transport\\\/\",\"name\":\"Equipment & Transport &#8211; Superior Construction Services\",\"isPartOf\":{\"@id\":\"https:\\\/\\\/superiorconstructionservices.com\\\/#website\"},\"primaryImageOfPage\":{\"@id\":\"https:\\\/\\\/superiorconstructionservices.com\\\/services\\\/equipment-transport\\\/#primaryimage\"},\"image\":{\"@id\":\"https:\\\/\\\/superiorconstructionservices.com\\\/services\\\/equipment-transport\\\/#primaryimage\"},\"thumbnailUrl\":\"https:\\\/\\\/superiorconstructionservices.com\\\/wp-content\\\/uploads\\\/2020\\\/08\\\/Site-Layout.jpg\",\"datePublished\":\"2020-08-27T21:33:57+00:00\",\"dateModified\":\"2020-08-31T15:32:59+00:00\",\"breadcrumb\":{\"@id\":\"https:\\\/\\\/superiorconstructionservices.com\\\/services\\\/equipment-transport\\\/#breadcrumb\"},\"inLanguage\":\"es\",\"potentialAction\":[{\"@type\":\"ReadAction\",\"target\":[\"https:\\\/\\\/superiorconstructionservices.com\\\/services\\\/equipment-transport\\\/\"]}]},{\"@type\":\"ImageObject\",\"inLanguage\":\"es\",\"@id\":\"https:\\\/\\\/superiorconstructionservices.com\\\/services\\\/equipment-transport\\\/#primaryimage\",\"url\":\"https:\\\/\\\/superiorconstructionservices.com\\\/wp-content\\\/uploads\\\/2020\\\/08\\\/Site-Layout.jpg\",\"contentUrl\":\"https:\\\/\\\/superiorconstructionservices.com\\\/wp-content\\\/uploads\\\/2020\\\/08\\\/Site-Layout.jpg\"},{\"@type\":\"BreadcrumbList\",\"@id\":\"https:\\\/\\\/superiorconstructionservices.com\\\/services\\\/equipment-transport\\\/#breadcrumb\",\"itemListElement\":[{\"@type\":\"ListItem\",\"position\":1,\"name\":\"Home\",\"item\":\"https:\\\/\\\/superiorconstructionservices.com\\\/\"},{\"@type\":\"ListItem\",\"position\":2,\"name\":\"Services\",\"item\":\"https:\\\/\\\/superiorconstructionservices.com\\\/services\\\/\"},{\"@type\":\"ListItem\",\"position\":3,\"name\":\"Equipment &#038; Transport\"}]},{\"@type\":\"WebSite\",\"@id\":\"https:\\\/\\\/superiorconstructionservices.com\\\/#website\",\"url\":\"https:\\\/\\\/superiorconstructionservices.com\\\/\",\"name\":\"Superior Construction Services\",\"description\":\"Concrete and Construction Services in Texas\",\"publisher\":{\"@id\":\"https:\\\/\\\/superiorconstructionservices.com\\\/#organization\"},\"potentialAction\":[{\"@type\":\"SearchAction\",\"target\":{\"@type\":\"EntryPoint\",\"urlTemplate\":\"https:\\\/\\\/superiorconstructionservices.com\\\/?s={search_term_string}\"},\"query-input\":{\"@type\":\"PropertyValueSpecification\",\"valueRequired\":true,\"valueName\":\"search_term_string\"}}],\"inLanguage\":\"es\"},{\"@type\":\"Organization\",\"@id\":\"https:\\\/\\\/superiorconstructionservices.com\\\/#organization\",\"name\":\"Superior Construction Services\",\"url\":\"https:\\\/\\\/superiorconstructionservices.com\\\/\",\"logo\":{\"@type\":\"ImageObject\",\"inLanguage\":\"es\",\"@id\":\"https:\\\/\\\/superiorconstructionservices.com\\\/#\\\/schema\\\/logo\\\/image\\\/\",\"url\":\"https:\\\/\\\/superiorconstructionservices.com\\\/wp-content\\\/uploads\\\/2020\\\/08\\\/logo-SuperiorConstruction-black.png\",\"contentUrl\":\"https:\\\/\\\/superiorconstructionservices.com\\\/wp-content\\\/uploads\\\/2020\\\/08\\\/logo-SuperiorConstruction-black.png\",\"width\":203,\"height\":78,\"caption\":\"Superior Construction Services\"},\"image\":{\"@id\":\"https:\\\/\\\/superiorconstructionservices.com\\\/#\\\/schema\\\/logo\\\/image\\\/\"},\"sameAs\":[\"https:\\\/\\\/www.facebook.com\\\/superiorconstructionservices\\\/\",\"https:\\\/\\\/x.com\\\/Superior2C\",\"https:\\\/\\\/www.linkedin.com\\\/company\\\/superior-construction-services-tx\\\/\",\"https:\\\/\\\/www.youtube.com\\\/channel\\\/UCUDidzpCUKXRnWJJ_LIjR_w\"]}]}<\/script>\n<!-- \/ Yoast SEO plugin. -->","yoast_head_json":{"title":"Equipment & Transport &#8211; Superior Construction Services","robots":{"index":"index","follow":"follow","max-snippet":"max-snippet:-1","max-image-preview":"max-image-preview:large","max-video-preview":"max-video-preview:-1"},"canonical":"https:\/\/superiorconstructionservices.com\/es\/services\/equipment-transport\/","og_locale":"es_MX","og_type":"article","og_title":"Equipment & Transport &#8211; Superior Construction Services","og_description":"Equipment &#038; Transport Services To maintain project flexibility and timeliness, we own our own fleet of construction equipment and haul trucks. Responsive &#038; Reliable Self-Reliant Construction equipment ranging from skid steers, telehandlers, excavators, and more to allow us be nearly 100% self-reliant on projects. Timely Delivery By employing full time drivers, shop workers and owning [&hellip;]","og_url":"https:\/\/superiorconstructionservices.com\/es\/services\/equipment-transport\/","og_site_name":"Superior Construction Services","article_publisher":"https:\/\/www.facebook.com\/superiorconstructionservices\/","article_modified_time":"2020-08-31T15:32:59+00:00","og_image":[{"url":"https:\/\/superiorconstructionservices.com\/wp-content\/uploads\/2020\/08\/Site-Layout.jpg","type":"","width":"","height":""}],"twitter_card":"summary_large_image","twitter_site":"@Superior2C","twitter_misc":{"Tiempo de lectura":"2 minutos"},"schema":{"@context":"https:\/\/schema.org","@graph":[{"@type":"WebPage","@id":"https:\/\/superiorconstructionservices.com\/services\/equipment-transport\/","url":"https:\/\/superiorconstructionservices.com\/services\/equipment-transport\/","name":"Equipment & Transport &#8211; Superior Construction Services","isPartOf":{"@id":"https:\/\/superiorconstructionservices.com\/#website"},"primaryImageOfPage":{"@id":"https:\/\/superiorconstructionservices.com\/services\/equipment-transport\/#primaryimage"},"image":{"@id":"https:\/\/superiorconstructionservices.com\/services\/equipment-transport\/#primaryimage"},"thumbnailUrl":"https:\/\/superiorconstructionservices.com\/wp-content\/uploads\/2020\/08\/Site-Layout.jpg","datePublished":"2020-08-27T21:33:57+00:00","dateModified":"2020-08-31T15:32:59+00:00","breadcrumb":{"@id":"https:\/\/superiorconstructionservices.com\/services\/equipment-transport\/#breadcrumb"},"inLanguage":"es","potentialAction":[{"@type":"ReadAction","target":["https:\/\/superiorconstructionservices.com\/services\/equipment-transport\/"]}]},{"@type":"ImageObject","inLanguage":"es","@id":"https:\/\/superiorconstructionservices.com\/services\/equipment-transport\/#primaryimage","url":"https:\/\/superiorconstructionservices.com\/wp-content\/uploads\/2020\/08\/Site-Layout.jpg","contentUrl":"https:\/\/superiorconstructionservices.com\/wp-content\/uploads\/2020\/08\/Site-Layout.jpg"},{"@type":"BreadcrumbList","@id":"https:\/\/superiorconstructionservices.com\/services\/equipment-transport\/#breadcrumb","itemListElement":[{"@type":"ListItem","position":1,"name":"Home","item":"https:\/\/superiorconstructionservices.com\/"},{"@type":"ListItem","position":2,"name":"Services","item":"https:\/\/superiorconstructionservices.com\/services\/"},{"@type":"ListItem","position":3,"name":"Equipment &#038; Transport"}]},{"@type":"WebSite","@id":"https:\/\/superiorconstructionservices.com\/#website","url":"https:\/\/superiorconstructionservices.com\/","name":"Servicios de construcci\u00f3n superiores","description":"Servicios de hormig\u00f3n y construcci\u00f3n en Texas","publisher":{"@id":"https:\/\/superiorconstructionservices.com\/#organization"},"potentialAction":[{"@type":"SearchAction","target":{"@type":"EntryPoint","urlTemplate":"https:\/\/superiorconstructionservices.com\/?s={search_term_string}"},"query-input":{"@type":"PropertyValueSpecification","valueRequired":true,"valueName":"search_term_string"}}],"inLanguage":"es"},{"@type":"Organization","@id":"https:\/\/superiorconstructionservices.com\/#organization","name":"Servicios de construcci\u00f3n superiores","url":"https:\/\/superiorconstructionservices.com\/","logo":{"@type":"ImageObject","inLanguage":"es","@id":"https:\/\/superiorconstructionservices.com\/#\/schema\/logo\/image\/","url":"https:\/\/superiorconstructionservices.com\/wp-content\/uploads\/2020\/08\/logo-SuperiorConstruction-black.png","contentUrl":"https:\/\/superiorconstructionservices.com\/wp-content\/uploads\/2020\/08\/logo-SuperiorConstruction-black.png","width":203,"height":78,"caption":"Superior Construction Services"},"image":{"@id":"https:\/\/superiorconstructionservices.com\/#\/schema\/logo\/image\/"},"sameAs":["https:\/\/www.facebook.com\/superiorconstructionservices\/","https:\/\/x.com\/Superior2C","https:\/\/www.linkedin.com\/company\/superior-construction-services-tx\/","https:\/\/www.youtube.com\/channel\/UCUDidzpCUKXRnWJJ_LIjR_w"]}]}},"_links":{"self":[{"href":"https:\/\/superiorconstructionservices.com\/es\/wp-json\/wp\/v2\/pages\/361","targetHints":{"allow":["GET"]}}],"collection":[{"href":"https:\/\/superiorconstructionservices.com\/es\/wp-json\/wp\/v2\/pages"}],"about":[{"href":"https:\/\/superiorconstructionservices.com\/es\/wp-json\/wp\/v2\/types\/page"}],"author":[{"embeddable":true,"href":"https:\/\/superiorconstructionservices.com\/es\/wp-json\/wp\/v2\/users\/1"}],"replies":[{"embeddable":true,"href":"https:\/\/superiorconstructionservices.com\/es\/wp-json\/wp\/v2\/comments?post=361"}],"version-history":[{"count":0,"href":"https:\/\/superiorconstructionservices.com\/es\/wp-json\/wp\/v2\/pages\/361\/revisions"}],"up":[{"embeddable":true,"href":"https:\/\/superiorconstructionservices.com\/es\/wp-json\/wp\/v2\/pages\/18"}],"wp:attachment":[{"href":"https:\/\/superiorconstructionservices.com\/es\/wp-json\/wp\/v2\/media?parent=361"}],"curies":[{"name":"wp","href":"https:\/\/api.w.org\/{rel}","templated":true}]}}