{"id":487,"date":"2021-05-25T11:04:30","date_gmt":"2021-05-25T16:04:30","guid":{"rendered":"https:\/\/superiorconstructionservices.com\/?page_id=487"},"modified":"2025-10-24T10:39:06","modified_gmt":"2025-10-24T15:39:06","slug":"portfolio","status":"publish","type":"page","link":"https:\/\/superiorconstructionservices.com\/es\/portfolio\/","title":{"rendered":"Portfolio"},"content":{"rendered":"<a href=\"https:\/\/superiorconstructionservices.com\/es\/\"  target=\"_self\" itemprop=\"url\">\n\t\t\t\t<img decoding=\"async\" src=\"https:\/\/superiorconstructionservices.com\/wp-content\/uploads\/2020\/07\/logo-superior-white.png\" alt=\"Superior Construction Services\" itemprop=\"image\" height=\"156\" width=\"406\" title=\"logo-superior-blanco\" onerror=\"this.style.display='none'\" loading=\"lazy\" \/>\n\t\t\t\t<\/a>\n<h1>\n\t\t\tVertimos hormig\u00f3n y mucho m\u00e1s.\t<\/h1>\n\t<p>Superior Construction Services provides full service concrete solutions to customers across the United States. Our top-notch team, industry experience, and innovative technologies let us work on projects of all sizes and scope across the energy, industrial, and mining industries.<\/p>\n\t\t\n\t\t\t\t\t<img decoding=\"async\" src=\"https:\/\/i.ytimg.com\/vi\/-WX7f7gOkf4\/maxresdefault.jpg\" alt=\"youtube-video-thumbnail\"\/>\n\t\t<h2>\n\t\t\tProject Map\t<\/h2>\n<h2>\n\t\t\tLet&#8217;s work on your next project.\t<\/h2>\n\t<p>Any size or scope-we&#8217;d love to work with you on your next build.<\/p>\n\t\t\t<a href=\"https:\/\/superiorconstructionservices.com\/es\/\" target=\"_self\">\n\t\t\t\t\t\t\tVisit Website\n\t\t\t\t\t<\/a>\n\t\t\t<a href=\"https:\/\/superiorconstructionservices.com\/es\/contact\/\" target=\"_self\">\n\t\t\t\t\t\t\tCont\u00e1ctenos\n\t\t\t\t\t<\/a>\n\t\t\t\t<a href=\"https:\/\/superiorconstructionservices.com\/es\/\"  target=\"_self\" itemprop=\"url\">\n\t\t\t\t<img decoding=\"async\" src=\"https:\/\/superiorconstructionservices.com\/wp-content\/uploads\/2020\/07\/logo-superior-white.png\" alt=\"Superior Construction Services\" itemprop=\"image\" height=\"156\" width=\"406\" title=\"logo-superior-blanco\" onerror=\"this.style.display='none'\" loading=\"lazy\" \/>\n\t\t\t\t<\/a>\n\t<p><a href=\"https:\/\/superiorconstructionservices.com\/es\/\">superiorconstructionservices.com<\/a><\/p>\n\t<ul>\n\t\t<li><a href=\"https:\/\/www.facebook.com\/Superior-Construction-Services-488370337999480\/\" target=\"_self\"  aria-label=\"Go to https:\/\/www.facebook.com\/Superior-Construction-Services-488370337999480\/\">\t\t\t\t\n\t\tFacebook<\/a><\/li><li><a href=\"https:\/\/twitter.com\/Superior2C\" target=\"_self\"  aria-label=\"Go to https:\/\/twitter.com\/Superior2C\">\t\t\t\t\n\t\tGorjeo<\/a><\/li><li><a href=\"https:\/\/www.linkedin.com\/company\/superior-construction-services-tx?trk=company_logo\" target=\"_self\"  aria-label=\"Go to https:\/\/www.linkedin.com\/company\/superior-construction-services-tx?trk=company_logo\">\t\t\t\t\n\t\tLinkedIn<\/a><\/li>\t<\/ul>\n\t<p>888-230-2240<\/p>\n<p>info@superiorconstructionservices.com<\/p>\n<p>12851 S. Hwy 77 Italy, TX 76651<\/p>\n\t\t\t\t<img decoding=\"async\" src=\"https:\/\/superiorconstructionservices.com\/wp-content\/uploads\/2020\/08\/logo-avetta-white-1.png\" alt=\"Avetta Member\" itemprop=\"image\" height=\"202\" width=\"202\" title=\"logo-avetta-blanco\" onerror=\"this.style.display='none'\" loading=\"lazy\" \/>\n\t<p>Avetta: 58450<\/p>\n\t\t\t\t<img decoding=\"async\" src=\"https:\/\/superiorconstructionservices.com\/wp-content\/uploads\/2020\/08\/logo-isn-white.png\" alt=\"ISNetworld Member Contractor\" itemprop=\"image\" height=\"200\" width=\"200\" title=\"logo-isn-blanco\" onerror=\"this.style.display='none'\" loading=\"lazy\" \/>\n\t<p>ISNetWorld: 400-192086<\/p>\n\t\t\t\t<img decoding=\"async\" src=\"https:\/\/superiorconstructionservices.com\/wp-content\/uploads\/2020\/08\/logo-msha-white.png\" alt=\"MSHA\" itemprop=\"image\" height=\"94\" width=\"200\" title=\"logo-msha-blanco\" onerror=\"this.style.display='none'\" loading=\"lazy\" \/>\n\t<p>MSHA: M996<\/p>\n\t<p>\u00a9 2021 Superior Commercial Concrete, LLC. All Rights Reserved. Website by <a href=\"https:\/\/maryannzykin.com\">Mary-Ann Zykin<\/a>.<\/p>","protected":false},"excerpt":{"rendered":"<p>We pour concrete, and so much more. Superior Construction Services provides full service concrete solutions to customers across the United States. Our top-notch team, industry experience, and innovative technologies let us work on projects of all sizes and scope across the energy, industrial, and mining industries. Project Map Let&#8217;s work on your next project. Any [&hellip;]<\/p>\n","protected":false},"author":1,"featured_media":0,"parent":0,"menu_order":0,"comment_status":"closed","ping_status":"closed","template":"","meta":{"_genesis_hide_title":false,"_genesis_hide_breadcrumbs":false,"_genesis_hide_singular_image":false,"_genesis_hide_footer_widgets":false,"_genesis_custom_body_class":"","_genesis_custom_post_class":"","_genesis_layout":"","footnotes":""},"class_list":{"0":"post-487","1":"page","2":"type-page","3":"status-publish","5":"entry"},"yoast_head":"<!-- This site is optimized with the Yoast SEO plugin v27.3 - https:\/\/yoast.com\/product\/yoast-seo-wordpress\/ -->\n<title>Portfolio &#8211; Superior Construction Services<\/title>\n<meta name=\"description\" content=\"Superior Construction Services has collaborated on nearly 1,000 projects, providing concrete construction services. Our vast portfolio...\" \/>\n<meta name=\"robots\" content=\"index, follow, max-snippet:-1, max-image-preview:large, max-video-preview:-1\" \/>\n<link rel=\"canonical\" href=\"https:\/\/superiorconstructionservices.com\/es\/portfolio\/\" \/>\n<meta property=\"og:locale\" content=\"es_MX\" \/>\n<meta property=\"og:type\" content=\"article\" \/>\n<meta property=\"og:title\" content=\"Portfolio &#8211; Superior Construction Services\" \/>\n<meta property=\"og:description\" content=\"Superior Construction Services has collaborated on nearly 1,000 projects, providing concrete construction services. Our vast portfolio...\" \/>\n<meta property=\"og:url\" content=\"https:\/\/superiorconstructionservices.com\/es\/portfolio\/\" \/>\n<meta property=\"og:site_name\" content=\"Superior Construction Services\" \/>\n<meta property=\"article:publisher\" content=\"https:\/\/www.facebook.com\/superiorconstructionservices\/\" \/>\n<meta property=\"article:modified_time\" content=\"2025-10-24T15:39:06+00:00\" \/>\n<meta property=\"og:image\" content=\"https:\/\/superiorconstructionservices.com\/wp-content\/uploads\/2020\/07\/logo-superior-white.png\" \/>\n<meta name=\"twitter:card\" content=\"summary_large_image\" \/>\n<meta name=\"twitter:site\" content=\"@Superior2C\" \/>\n<meta name=\"twitter:label1\" content=\"Tiempo de lectura\" \/>\n\t<meta name=\"twitter:data1\" content=\"2 minutos\" \/>\n<script type=\"application\/ld+json\" class=\"yoast-schema-graph\">{\"@context\":\"https:\\\/\\\/schema.org\",\"@graph\":[{\"@type\":\"WebPage\",\"@id\":\"https:\\\/\\\/superiorconstructionservices.com\\\/portfolio\\\/\",\"url\":\"https:\\\/\\\/superiorconstructionservices.com\\\/portfolio\\\/\",\"name\":\"Portfolio &#8211; Superior Construction Services\",\"isPartOf\":{\"@id\":\"https:\\\/\\\/superiorconstructionservices.com\\\/#website\"},\"primaryImageOfPage\":{\"@id\":\"https:\\\/\\\/superiorconstructionservices.com\\\/portfolio\\\/#primaryimage\"},\"image\":{\"@id\":\"https:\\\/\\\/superiorconstructionservices.com\\\/portfolio\\\/#primaryimage\"},\"thumbnailUrl\":\"https:\\\/\\\/superiorconstructionservices.com\\\/wp-content\\\/uploads\\\/2020\\\/07\\\/logo-superior-white.png\",\"datePublished\":\"2021-05-25T16:04:30+00:00\",\"dateModified\":\"2025-10-24T15:39:06+00:00\",\"description\":\"Superior Construction Services has collaborated on nearly 1,000 projects, providing concrete construction services. Our vast portfolio...\",\"breadcrumb\":{\"@id\":\"https:\\\/\\\/superiorconstructionservices.com\\\/portfolio\\\/#breadcrumb\"},\"inLanguage\":\"es\",\"potentialAction\":[{\"@type\":\"ReadAction\",\"target\":[\"https:\\\/\\\/superiorconstructionservices.com\\\/portfolio\\\/\"]}]},{\"@type\":\"ImageObject\",\"inLanguage\":\"es\",\"@id\":\"https:\\\/\\\/superiorconstructionservices.com\\\/portfolio\\\/#primaryimage\",\"url\":\"https:\\\/\\\/superiorconstructionservices.com\\\/wp-content\\\/uploads\\\/2020\\\/07\\\/logo-superior-white.png\",\"contentUrl\":\"https:\\\/\\\/superiorconstructionservices.com\\\/wp-content\\\/uploads\\\/2020\\\/07\\\/logo-superior-white.png\"},{\"@type\":\"BreadcrumbList\",\"@id\":\"https:\\\/\\\/superiorconstructionservices.com\\\/portfolio\\\/#breadcrumb\",\"itemListElement\":[{\"@type\":\"ListItem\",\"position\":1,\"name\":\"Home\",\"item\":\"https:\\\/\\\/superiorconstructionservices.com\\\/\"},{\"@type\":\"ListItem\",\"position\":2,\"name\":\"Portfolio\"}]},{\"@type\":\"WebSite\",\"@id\":\"https:\\\/\\\/superiorconstructionservices.com\\\/#website\",\"url\":\"https:\\\/\\\/superiorconstructionservices.com\\\/\",\"name\":\"Superior Construction Services\",\"description\":\"Concrete and Construction Services in Texas\",\"publisher\":{\"@id\":\"https:\\\/\\\/superiorconstructionservices.com\\\/#organization\"},\"potentialAction\":[{\"@type\":\"SearchAction\",\"target\":{\"@type\":\"EntryPoint\",\"urlTemplate\":\"https:\\\/\\\/superiorconstructionservices.com\\\/?s={search_term_string}\"},\"query-input\":{\"@type\":\"PropertyValueSpecification\",\"valueRequired\":true,\"valueName\":\"search_term_string\"}}],\"inLanguage\":\"es\"},{\"@type\":\"Organization\",\"@id\":\"https:\\\/\\\/superiorconstructionservices.com\\\/#organization\",\"name\":\"Superior Construction Services\",\"url\":\"https:\\\/\\\/superiorconstructionservices.com\\\/\",\"logo\":{\"@type\":\"ImageObject\",\"inLanguage\":\"es\",\"@id\":\"https:\\\/\\\/superiorconstructionservices.com\\\/#\\\/schema\\\/logo\\\/image\\\/\",\"url\":\"https:\\\/\\\/superiorconstructionservices.com\\\/wp-content\\\/uploads\\\/2020\\\/08\\\/logo-SuperiorConstruction-black.png\",\"contentUrl\":\"https:\\\/\\\/superiorconstructionservices.com\\\/wp-content\\\/uploads\\\/2020\\\/08\\\/logo-SuperiorConstruction-black.png\",\"width\":203,\"height\":78,\"caption\":\"Superior Construction Services\"},\"image\":{\"@id\":\"https:\\\/\\\/superiorconstructionservices.com\\\/#\\\/schema\\\/logo\\\/image\\\/\"},\"sameAs\":[\"https:\\\/\\\/www.facebook.com\\\/superiorconstructionservices\\\/\",\"https:\\\/\\\/x.com\\\/Superior2C\",\"https:\\\/\\\/www.linkedin.com\\\/company\\\/superior-construction-services-tx\\\/\",\"https:\\\/\\\/www.youtube.com\\\/channel\\\/UCUDidzpCUKXRnWJJ_LIjR_w\"]}]}<\/script>\n<!-- \/ Yoast SEO plugin. -->","yoast_head_json":{"title":"Portfolio &#8211; Superior Construction Services","description":"Superior Construction Services has collaborated on nearly 1,000 projects, providing concrete construction services. Our vast portfolio...","robots":{"index":"index","follow":"follow","max-snippet":"max-snippet:-1","max-image-preview":"max-image-preview:large","max-video-preview":"max-video-preview:-1"},"canonical":"https:\/\/superiorconstructionservices.com\/es\/portfolio\/","og_locale":"es_MX","og_type":"article","og_title":"Portfolio &#8211; Superior Construction Services","og_description":"Superior Construction Services has collaborated on nearly 1,000 projects, providing concrete construction services. Our vast portfolio...","og_url":"https:\/\/superiorconstructionservices.com\/es\/portfolio\/","og_site_name":"Superior Construction Services","article_publisher":"https:\/\/www.facebook.com\/superiorconstructionservices\/","article_modified_time":"2025-10-24T15:39:06+00:00","og_image":[{"url":"https:\/\/superiorconstructionservices.com\/wp-content\/uploads\/2020\/07\/logo-superior-white.png","type":"","width":"","height":""}],"twitter_card":"summary_large_image","twitter_site":"@Superior2C","twitter_misc":{"Tiempo de lectura":"2 minutos"},"schema":{"@context":"https:\/\/schema.org","@graph":[{"@type":"WebPage","@id":"https:\/\/superiorconstructionservices.com\/portfolio\/","url":"https:\/\/superiorconstructionservices.com\/portfolio\/","name":"Portfolio &#8211; Superior Construction Services","isPartOf":{"@id":"https:\/\/superiorconstructionservices.com\/#website"},"primaryImageOfPage":{"@id":"https:\/\/superiorconstructionservices.com\/portfolio\/#primaryimage"},"image":{"@id":"https:\/\/superiorconstructionservices.com\/portfolio\/#primaryimage"},"thumbnailUrl":"https:\/\/superiorconstructionservices.com\/wp-content\/uploads\/2020\/07\/logo-superior-white.png","datePublished":"2021-05-25T16:04:30+00:00","dateModified":"2025-10-24T15:39:06+00:00","description":"Superior Construction Services has collaborated on nearly 1,000 projects, providing concrete construction services. Our vast portfolio...","breadcrumb":{"@id":"https:\/\/superiorconstructionservices.com\/portfolio\/#breadcrumb"},"inLanguage":"es","potentialAction":[{"@type":"ReadAction","target":["https:\/\/superiorconstructionservices.com\/portfolio\/"]}]},{"@type":"ImageObject","inLanguage":"es","@id":"https:\/\/superiorconstructionservices.com\/portfolio\/#primaryimage","url":"https:\/\/superiorconstructionservices.com\/wp-content\/uploads\/2020\/07\/logo-superior-white.png","contentUrl":"https:\/\/superiorconstructionservices.com\/wp-content\/uploads\/2020\/07\/logo-superior-white.png"},{"@type":"BreadcrumbList","@id":"https:\/\/superiorconstructionservices.com\/portfolio\/#breadcrumb","itemListElement":[{"@type":"ListItem","position":1,"name":"Home","item":"https:\/\/superiorconstructionservices.com\/"},{"@type":"ListItem","position":2,"name":"Portfolio"}]},{"@type":"WebSite","@id":"https:\/\/superiorconstructionservices.com\/#website","url":"https:\/\/superiorconstructionservices.com\/","name":"Servicios de construcci\u00f3n superiores","description":"Servicios de hormig\u00f3n y construcci\u00f3n en Texas","publisher":{"@id":"https:\/\/superiorconstructionservices.com\/#organization"},"potentialAction":[{"@type":"SearchAction","target":{"@type":"EntryPoint","urlTemplate":"https:\/\/superiorconstructionservices.com\/?s={search_term_string}"},"query-input":{"@type":"PropertyValueSpecification","valueRequired":true,"valueName":"search_term_string"}}],"inLanguage":"es"},{"@type":"Organization","@id":"https:\/\/superiorconstructionservices.com\/#organization","name":"Servicios de construcci\u00f3n superiores","url":"https:\/\/superiorconstructionservices.com\/","logo":{"@type":"ImageObject","inLanguage":"es","@id":"https:\/\/superiorconstructionservices.com\/#\/schema\/logo\/image\/","url":"https:\/\/superiorconstructionservices.com\/wp-content\/uploads\/2020\/08\/logo-SuperiorConstruction-black.png","contentUrl":"https:\/\/superiorconstructionservices.com\/wp-content\/uploads\/2020\/08\/logo-SuperiorConstruction-black.png","width":203,"height":78,"caption":"Superior Construction Services"},"image":{"@id":"https:\/\/superiorconstructionservices.com\/#\/schema\/logo\/image\/"},"sameAs":["https:\/\/www.facebook.com\/superiorconstructionservices\/","https:\/\/x.com\/Superior2C","https:\/\/www.linkedin.com\/company\/superior-construction-services-tx\/","https:\/\/www.youtube.com\/channel\/UCUDidzpCUKXRnWJJ_LIjR_w"]}]}},"_links":{"self":[{"href":"https:\/\/superiorconstructionservices.com\/es\/wp-json\/wp\/v2\/pages\/487","targetHints":{"allow":["GET"]}}],"collection":[{"href":"https:\/\/superiorconstructionservices.com\/es\/wp-json\/wp\/v2\/pages"}],"about":[{"href":"https:\/\/superiorconstructionservices.com\/es\/wp-json\/wp\/v2\/types\/page"}],"author":[{"embeddable":true,"href":"https:\/\/superiorconstructionservices.com\/es\/wp-json\/wp\/v2\/users\/1"}],"replies":[{"embeddable":true,"href":"https:\/\/superiorconstructionservices.com\/es\/wp-json\/wp\/v2\/comments?post=487"}],"version-history":[{"count":0,"href":"https:\/\/superiorconstructionservices.com\/es\/wp-json\/wp\/v2\/pages\/487\/revisions"}],"wp:attachment":[{"href":"https:\/\/superiorconstructionservices.com\/es\/wp-json\/wp\/v2\/media?parent=487"}],"curies":[{"name":"wp","href":"https:\/\/api.w.org\/{rel}","templated":true}]}}