{"id":839,"date":"2024-03-06T11:29:09","date_gmt":"2024-03-06T17:29:09","guid":{"rendered":"https:\/\/superiorconstructionservices.com\/?page_id=839"},"modified":"2026-02-04T13:31:25","modified_gmt":"2026-02-04T19:31:25","slug":"benefits-prescription","status":"publish","type":"page","link":"https:\/\/superiorconstructionservices.com\/es\/benefits-prescription\/","title":{"rendered":"\u2014 Prescription"},"content":{"rendered":"<a href=\"https:\/\/superiorconstructionservices.com\/es\/benefits-medical\/\"  target=\"_self\">\n\t\t\t\t\t\t\tMedical\n\t\t\t\t\t<\/a>\n\t\t\t<a href=\"https:\/\/superiorconstructionservices.com\/es\/benefits-prescription\/\"  target=\"_self\">\n\t\t\t\t\t\t\tPrescription\n\t\t\t\t\t<\/a>\n\t\t\t<a href=\"https:\/\/superiorconstructionservices.com\/es\/benefits-dental\/\"  target=\"_self\">\n\t\t\t\t\t\t\tDental\n\t\t\t\t\t<\/a>\n\t\t\t<a href=\"https:\/\/superiorconstructionservices.com\/es\/benefits-vision\/\"  target=\"_self\">\n\t\t\t\t\t\t\tVision\n\t\t\t\t\t<\/a>\n\t\t\t<a href=\"https:\/\/superiorconstructionservices.com\/es\/benefits-health-savings-account\/\"  target=\"_self\">\n\t\t\t\t\t\t\tHealth Savings Account\n\t\t\t\t\t<\/a>\n\t\t\t<a href=\"https:\/\/superiorconstructionservices.com\/es\/benefits-retirement-savings\/\"  target=\"_self\">\n\t\t\t\t\t\t\tRetirement Savings\n\t\t\t\t\t<\/a>\n\t\t\t<a href=\"https:\/\/superiorconstructionservices.com\/es\/benefits-life\/\"  target=\"_self\">\n\t\t\t\t\t\t\tLife &#038; AD&#038;D\n\t\t\t\t\t<\/a>\n\t\t\t<a href=\"https:\/\/superiorconstructionservices.com\/es\/benefits-resources\/\"  target=\"_blank\" rel=\"noopener\">\n\t\t\t\t\t\t\tResources\n\t\t\t\t\t<\/a>\n\t<h2>Prescription<\/h2>\n<h3>Prescription coverage is included with our medical plan.<\/h3>\n<p>See below for 2026 details.<\/p>\n<p>&nbsp;<\/p>\n<figure itemscope itemtype=\"https:\/\/schema.org\/ImageObject\">\n\t\t\t\t<img decoding=\"async\" src=\"https:\/\/superiorconstructionservices.com\/wp-content\/uploads\/2024\/01\/Untitled-design-11.png\" alt=\"Untitled design (11)\" height=\"500\" width=\"500\" title=\"Untitled design (11)\" onerror=\"this.style.display='none'\" loading=\"lazy\" \/>\n\t<\/figure>\n\t<h2>Prescription Drug Coverage for Medical Plans<\/h2>\n\t<p>Our Prescription Drug Program is coordinated through BCBSTX. That means you will only have one ID card for both medical care and prescriptions. Information on your benefits coverage and a list of network pharmacies is available online at www.bcbstx.com or by calling the Customer Card number on your ID Card. Your cost is determined by the tier assigned to the prescription drug product. Products are assigned as Generic, Preferred, Non-Preferred, or Specialty Drugs.<\/p>\n<figure itemscope itemtype=\"https:\/\/schema.org\/ImageObject\">\n\t\t\t\t<img decoding=\"async\" src=\"https:\/\/superiorconstructionservices.com\/wp-content\/uploads\/2025\/01\/Screenshot-2025-01-16-at-11.52.40\u202fAM.png\" alt=\"Screenshot 2025-01-16 at 11.52.40\u202fAM\" height=\"508\" width=\"1118\" title=\"Screenshot 2025-01-16 at 11.52.40\u202fAM\" onerror=\"this.style.display='none'\" loading=\"lazy\" \/>\n\t<\/figure>\n\t<h2>Pharmacy Documents<\/h2>\n<figure itemscope itemtype=\"https:\/\/schema.org\/ImageObject\">\n\t\t\t\t<img decoding=\"async\" src=\"https:\/\/superiorconstructionservices.com\/wp-content\/uploads\/2024\/02\/Screenshot-2024-02-13-at-7.33.24\u202fAM.png\" alt=\"Screenshot 2024-02-13 at 7.33.24\u202fAM\" height=\"1116\" width=\"910\" title=\"Screenshot 2024-02-13 at 7.33.24\u202fAM\" onerror=\"this.style.display='none'\" loading=\"lazy\" \/>\n\t<\/figure>\n\t\t\t<a href=\"https:\/\/superiorconstructionservices.com\/wp-content\/uploads\/2024\/02\/PHARMACY-BENEFIT-INFORMATION.pdf\"  target=\"_blank\" rel=\"noopener\">\n\t\t\t\t\t\t\tUsing Your Pharmacy Benefits\n\t\t\t\t\t<\/a>\n<figure itemscope itemtype=\"https:\/\/schema.org\/ImageObject\">\n\t\t\t\t<img decoding=\"async\" src=\"https:\/\/superiorconstructionservices.com\/wp-content\/uploads\/2024\/02\/Screenshot-2024-02-01-at-3.29.19\u202fPM.png\" alt=\"Screenshot 2024-02-01 at 3.29.19\u202fPM\" height=\"1392\" width=\"1736\" title=\"Screenshot 2024-02-01 at 3.29.19\u202fPM\" onerror=\"this.style.display='none'\" loading=\"lazy\" \/>\n\t<\/figure>\n\t\t\t<a href=\"https:\/\/superiorconstructionservices.com\/wp-content\/uploads\/2024\/02\/BCBSTX-Pharmacy-Network.pdf\"  target=\"_blank\" rel=\"noopener\">\n\t\t\t\t\t\t\tPharmacy Network\n\t\t\t\t\t<\/a>\n<figure itemscope itemtype=\"https:\/\/schema.org\/ImageObject\">\n\t\t\t\t<img decoding=\"async\" src=\"https:\/\/superiorconstructionservices.com\/wp-content\/uploads\/2024\/02\/Screenshot-2024-02-01-at-3.44.52\u202fPM.png\" alt=\"Screenshot 2024-02-01 at 3.44.52\u202fPM\" height=\"1738\" width=\"1308\" title=\"Screenshot 2024-02-01 at 3.44.52\u202fPM\" onerror=\"this.style.display='none'\" loading=\"lazy\" \/>\n\t<\/figure>\n\t\t\t<a href=\"https:\/\/superiorconstructionservices.com\/wp-content\/uploads\/2024\/02\/Rx-Drug-Claim-Form.pdf\"  target=\"_blank\" rel=\"noopener\">\n\t\t\t\t\t\t\tPrescription Drug Claim Form\n\t\t\t\t\t<\/a>\n<figure itemscope itemtype=\"https:\/\/schema.org\/ImageObject\">\n\t\t\t\t<img decoding=\"async\" src=\"https:\/\/superiorconstructionservices.com\/wp-content\/uploads\/2024\/03\/Preventative-Drug.png\" alt=\"Preventative Drug\" height=\"1144\" width=\"1876\" title=\"Preventative Drug\" onerror=\"this.style.display='none'\" loading=\"lazy\" \/>\n\t<\/figure>\n\t\t\t<a href=\"https:\/\/superiorconstructionservices.com\/wp-content\/uploads\/2026\/02\/2026-member-preventive-drug-list-hdhp-tx.pdf\"  target=\"_blank\" rel=\"noopener\">\n\t\t\t\t\t\t\tPreventive Drug     Benefit Programs\n\t\t\t\t\t<\/a>\n<figure itemscope itemtype=\"https:\/\/schema.org\/ImageObject\">\n\t\t\t\t<img decoding=\"async\" src=\"https:\/\/superiorconstructionservices.com\/wp-content\/uploads\/2024\/03\/Prev-Drug-List.png\" alt=\"Prev Drug List\" height=\"1144\" width=\"1876\" title=\"Prev Drug List\" onerror=\"this.style.display='none'\" loading=\"lazy\" \/>\n\t<\/figure>\n\t\t\t<a href=\"https:\/\/superiorconstructionservices.com\/wp-content\/uploads\/2025\/01\/763897.0924-TX-Group-Pharmacy-2025-HDHP-HSA-Performance-Preventive-Drug-Member-List.pdf\"  target=\"_blank\" rel=\"noopener\">\n\t\t\t\t\t\t\tPreventive Drug List\n\t\t\t\t\t<\/a>\n<figure itemscope itemtype=\"https:\/\/schema.org\/ImageObject\">\n\t\t\t\t<img decoding=\"async\" src=\"https:\/\/superiorconstructionservices.com\/wp-content\/uploads\/2024\/03\/Specialty-Med.png\" alt=\"Specialty Med\" height=\"1144\" width=\"1876\" title=\"Specialty Med\" onerror=\"this.style.display='none'\" loading=\"lazy\" \/>\n\t<\/figure>\n\t\t\t<a href=\"https:\/\/superiorconstructionservices.com\/wp-content\/uploads\/2024\/02\/BCBSTX-Group-and-IFM-Prime-Specialty-Pharmacy-Medications-Member-Flier.pdf\"  target=\"_blank\" rel=\"noopener\">\n\t\t\t\t\t\t\tSpecialty Medications\n\t\t\t\t\t<\/a>\n<figure itemscope itemtype=\"https:\/\/schema.org\/ImageObject\">\n\t\t\t\t<img decoding=\"async\" src=\"https:\/\/superiorconstructionservices.com\/wp-content\/uploads\/2024\/03\/Pharmacy-Mail.png\" alt=\"Pharmacy Mail\" height=\"1144\" width=\"1876\" title=\"Pharmacy Mail\" onerror=\"this.style.display='none'\" loading=\"lazy\" \/>\n\t<\/figure>\n\t\t\t<a href=\"https:\/\/superiorconstructionservices.com\/wp-content\/uploads\/2024\/02\/BCBSTX-Group-Pharmacy-Mail-Order-Member-Flier.pdf\"  target=\"_blank\" rel=\"noopener\">\n\t\t\t\t\t\t\tPharmacy Mail Order Service\n\t\t\t\t\t<\/a>\n<figure itemscope itemtype=\"https:\/\/schema.org\/ImageObject\">\n\t\t\t\t<img decoding=\"async\" src=\"https:\/\/superiorconstructionservices.com\/wp-content\/plugins\/bb-plugin\/img\/pixel.png\" alt=\"\" onerror=\"this.style.display='none'\" loading=\"lazy\" \/>\n\t<\/figure>","protected":false},"excerpt":{"rendered":"<p>Medical Prescription Dental Vision Health Savings Account Retirement Savings Life &#038; AD&#038;D Resources Prescription Prescription coverage is included with our medical plan. See below for 2026 details. &nbsp; Prescription Drug Coverage for Medical Plans Our Prescription Drug Program is coordinated through BCBSTX. That means you will only have one ID card for both medical care [&hellip;]<\/p>\n","protected":false},"author":2,"featured_media":0,"parent":0,"menu_order":0,"comment_status":"closed","ping_status":"closed","template":"","meta":{"_genesis_hide_title":false,"_genesis_hide_breadcrumbs":false,"_genesis_hide_singular_image":false,"_genesis_hide_footer_widgets":false,"_genesis_custom_body_class":"","_genesis_custom_post_class":"","_genesis_layout":"","footnotes":""},"class_list":{"0":"post-839","1":"page","2":"type-page","3":"status-publish","5":"entry"},"yoast_head":"<!-- This site is optimized with the Yoast SEO plugin v27.4 - https:\/\/yoast.com\/product\/yoast-seo-wordpress\/ -->\n<title>\u2014 Prescription &#8211; Superior Construction Services<\/title>\n<meta name=\"robots\" content=\"index, follow, max-snippet:-1, max-image-preview:large, max-video-preview:-1\" \/>\n<link rel=\"canonical\" href=\"https:\/\/superiorconstructionservices.com\/es\/benefits-prescription\/\" \/>\n<meta property=\"og:locale\" content=\"es_MX\" \/>\n<meta property=\"og:type\" content=\"article\" \/>\n<meta property=\"og:title\" content=\"\u2014 Prescription &#8211; Superior Construction Services\" \/>\n<meta property=\"og:description\" content=\"Medical Prescription Dental Vision Health Savings Account Retirement Savings Life &#038; AD&#038;D Resources Prescription Prescription coverage is included with our medical plan. See below for 2026 details. &nbsp; Prescription Drug Coverage for Medical Plans Our Prescription Drug Program is coordinated through BCBSTX. That means you will only have one ID card for both medical care [&hellip;]\" \/>\n<meta property=\"og:url\" content=\"https:\/\/superiorconstructionservices.com\/es\/benefits-prescription\/\" \/>\n<meta property=\"og:site_name\" content=\"Superior Construction Services\" \/>\n<meta property=\"article:publisher\" content=\"https:\/\/www.facebook.com\/superiorconstructionservices\/\" \/>\n<meta property=\"article:modified_time\" content=\"2026-02-04T19:31:25+00:00\" \/>\n<meta property=\"og:image\" content=\"https:\/\/superiorconstructionservices.com\/wp-content\/uploads\/2024\/01\/Untitled-design-11.png\" \/>\n<meta name=\"twitter:card\" content=\"summary_large_image\" \/>\n<meta name=\"twitter:site\" content=\"@Superior2C\" \/>\n<meta name=\"twitter:label1\" content=\"Tiempo de lectura\" \/>\n\t<meta name=\"twitter:data1\" content=\"3 minutos\" \/>\n<script type=\"application\/ld+json\" class=\"yoast-schema-graph\">{\"@context\":\"https:\\\/\\\/schema.org\",\"@graph\":[{\"@type\":\"WebPage\",\"@id\":\"https:\\\/\\\/superiorconstructionservices.com\\\/benefits-prescription\\\/\",\"url\":\"https:\\\/\\\/superiorconstructionservices.com\\\/benefits-prescription\\\/\",\"name\":\"\u2014 Prescription &#8211; Superior Construction Services\",\"isPartOf\":{\"@id\":\"https:\\\/\\\/superiorconstructionservices.com\\\/#website\"},\"primaryImageOfPage\":{\"@id\":\"https:\\\/\\\/superiorconstructionservices.com\\\/benefits-prescription\\\/#primaryimage\"},\"image\":{\"@id\":\"https:\\\/\\\/superiorconstructionservices.com\\\/benefits-prescription\\\/#primaryimage\"},\"thumbnailUrl\":\"https:\\\/\\\/superiorconstructionservices.com\\\/wp-content\\\/uploads\\\/2024\\\/01\\\/Untitled-design-11.png\",\"datePublished\":\"2024-03-06T17:29:09+00:00\",\"dateModified\":\"2026-02-04T19:31:25+00:00\",\"breadcrumb\":{\"@id\":\"https:\\\/\\\/superiorconstructionservices.com\\\/benefits-prescription\\\/#breadcrumb\"},\"inLanguage\":\"es\",\"potentialAction\":[{\"@type\":\"ReadAction\",\"target\":[\"https:\\\/\\\/superiorconstructionservices.com\\\/benefits-prescription\\\/\"]}]},{\"@type\":\"ImageObject\",\"inLanguage\":\"es\",\"@id\":\"https:\\\/\\\/superiorconstructionservices.com\\\/benefits-prescription\\\/#primaryimage\",\"url\":\"https:\\\/\\\/superiorconstructionservices.com\\\/wp-content\\\/uploads\\\/2024\\\/01\\\/Untitled-design-11.png\",\"contentUrl\":\"https:\\\/\\\/superiorconstructionservices.com\\\/wp-content\\\/uploads\\\/2024\\\/01\\\/Untitled-design-11.png\"},{\"@type\":\"BreadcrumbList\",\"@id\":\"https:\\\/\\\/superiorconstructionservices.com\\\/benefits-prescription\\\/#breadcrumb\",\"itemListElement\":[{\"@type\":\"ListItem\",\"position\":1,\"name\":\"Home\",\"item\":\"https:\\\/\\\/superiorconstructionservices.com\\\/\"},{\"@type\":\"ListItem\",\"position\":2,\"name\":\"\u2014 Prescription\"}]},{\"@type\":\"WebSite\",\"@id\":\"https:\\\/\\\/superiorconstructionservices.com\\\/#website\",\"url\":\"https:\\\/\\\/superiorconstructionservices.com\\\/\",\"name\":\"Superior Construction Services\",\"description\":\"Concrete and Construction Services in Texas\",\"publisher\":{\"@id\":\"https:\\\/\\\/superiorconstructionservices.com\\\/#organization\"},\"potentialAction\":[{\"@type\":\"SearchAction\",\"target\":{\"@type\":\"EntryPoint\",\"urlTemplate\":\"https:\\\/\\\/superiorconstructionservices.com\\\/?s={search_term_string}\"},\"query-input\":{\"@type\":\"PropertyValueSpecification\",\"valueRequired\":true,\"valueName\":\"search_term_string\"}}],\"inLanguage\":\"es\"},{\"@type\":\"Organization\",\"@id\":\"https:\\\/\\\/superiorconstructionservices.com\\\/#organization\",\"name\":\"Superior Construction Services\",\"url\":\"https:\\\/\\\/superiorconstructionservices.com\\\/\",\"logo\":{\"@type\":\"ImageObject\",\"inLanguage\":\"es\",\"@id\":\"https:\\\/\\\/superiorconstructionservices.com\\\/#\\\/schema\\\/logo\\\/image\\\/\",\"url\":\"https:\\\/\\\/superiorconstructionservices.com\\\/wp-content\\\/uploads\\\/2020\\\/08\\\/logo-SuperiorConstruction-black.png\",\"contentUrl\":\"https:\\\/\\\/superiorconstructionservices.com\\\/wp-content\\\/uploads\\\/2020\\\/08\\\/logo-SuperiorConstruction-black.png\",\"width\":203,\"height\":78,\"caption\":\"Superior Construction Services\"},\"image\":{\"@id\":\"https:\\\/\\\/superiorconstructionservices.com\\\/#\\\/schema\\\/logo\\\/image\\\/\"},\"sameAs\":[\"https:\\\/\\\/www.facebook.com\\\/superiorconstructionservices\\\/\",\"https:\\\/\\\/x.com\\\/Superior2C\",\"https:\\\/\\\/www.linkedin.com\\\/company\\\/superior-construction-services-tx\\\/\",\"https:\\\/\\\/www.youtube.com\\\/channel\\\/UCUDidzpCUKXRnWJJ_LIjR_w\"]}]}<\/script>\n<!-- \/ Yoast SEO plugin. -->","yoast_head_json":{"title":"\u2014 Prescription &#8211; Superior Construction Services","robots":{"index":"index","follow":"follow","max-snippet":"max-snippet:-1","max-image-preview":"max-image-preview:large","max-video-preview":"max-video-preview:-1"},"canonical":"https:\/\/superiorconstructionservices.com\/es\/benefits-prescription\/","og_locale":"es_MX","og_type":"article","og_title":"\u2014 Prescription &#8211; Superior Construction Services","og_description":"Medical Prescription Dental Vision Health Savings Account Retirement Savings Life &#038; AD&#038;D Resources Prescription Prescription coverage is included with our medical plan. See below for 2026 details. &nbsp; Prescription Drug Coverage for Medical Plans Our Prescription Drug Program is coordinated through BCBSTX. That means you will only have one ID card for both medical care [&hellip;]","og_url":"https:\/\/superiorconstructionservices.com\/es\/benefits-prescription\/","og_site_name":"Superior Construction Services","article_publisher":"https:\/\/www.facebook.com\/superiorconstructionservices\/","article_modified_time":"2026-02-04T19:31:25+00:00","og_image":[{"url":"https:\/\/superiorconstructionservices.com\/wp-content\/uploads\/2024\/01\/Untitled-design-11.png","type":"","width":"","height":""}],"twitter_card":"summary_large_image","twitter_site":"@Superior2C","twitter_misc":{"Tiempo de lectura":"3 minutos"},"schema":{"@context":"https:\/\/schema.org","@graph":[{"@type":"WebPage","@id":"https:\/\/superiorconstructionservices.com\/benefits-prescription\/","url":"https:\/\/superiorconstructionservices.com\/benefits-prescription\/","name":"\u2014 Prescription &#8211; Superior Construction Services","isPartOf":{"@id":"https:\/\/superiorconstructionservices.com\/#website"},"primaryImageOfPage":{"@id":"https:\/\/superiorconstructionservices.com\/benefits-prescription\/#primaryimage"},"image":{"@id":"https:\/\/superiorconstructionservices.com\/benefits-prescription\/#primaryimage"},"thumbnailUrl":"https:\/\/superiorconstructionservices.com\/wp-content\/uploads\/2024\/01\/Untitled-design-11.png","datePublished":"2024-03-06T17:29:09+00:00","dateModified":"2026-02-04T19:31:25+00:00","breadcrumb":{"@id":"https:\/\/superiorconstructionservices.com\/benefits-prescription\/#breadcrumb"},"inLanguage":"es","potentialAction":[{"@type":"ReadAction","target":["https:\/\/superiorconstructionservices.com\/benefits-prescription\/"]}]},{"@type":"ImageObject","inLanguage":"es","@id":"https:\/\/superiorconstructionservices.com\/benefits-prescription\/#primaryimage","url":"https:\/\/superiorconstructionservices.com\/wp-content\/uploads\/2024\/01\/Untitled-design-11.png","contentUrl":"https:\/\/superiorconstructionservices.com\/wp-content\/uploads\/2024\/01\/Untitled-design-11.png"},{"@type":"BreadcrumbList","@id":"https:\/\/superiorconstructionservices.com\/benefits-prescription\/#breadcrumb","itemListElement":[{"@type":"ListItem","position":1,"name":"Home","item":"https:\/\/superiorconstructionservices.com\/"},{"@type":"ListItem","position":2,"name":"\u2014 Prescription"}]},{"@type":"WebSite","@id":"https:\/\/superiorconstructionservices.com\/#website","url":"https:\/\/superiorconstructionservices.com\/","name":"Servicios de construcci\u00f3n superiores","description":"Servicios de hormig\u00f3n y construcci\u00f3n en Texas","publisher":{"@id":"https:\/\/superiorconstructionservices.com\/#organization"},"potentialAction":[{"@type":"SearchAction","target":{"@type":"EntryPoint","urlTemplate":"https:\/\/superiorconstructionservices.com\/?s={search_term_string}"},"query-input":{"@type":"PropertyValueSpecification","valueRequired":true,"valueName":"search_term_string"}}],"inLanguage":"es"},{"@type":"Organization","@id":"https:\/\/superiorconstructionservices.com\/#organization","name":"Servicios de construcci\u00f3n superiores","url":"https:\/\/superiorconstructionservices.com\/","logo":{"@type":"ImageObject","inLanguage":"es","@id":"https:\/\/superiorconstructionservices.com\/#\/schema\/logo\/image\/","url":"https:\/\/superiorconstructionservices.com\/wp-content\/uploads\/2020\/08\/logo-SuperiorConstruction-black.png","contentUrl":"https:\/\/superiorconstructionservices.com\/wp-content\/uploads\/2020\/08\/logo-SuperiorConstruction-black.png","width":203,"height":78,"caption":"Superior Construction Services"},"image":{"@id":"https:\/\/superiorconstructionservices.com\/#\/schema\/logo\/image\/"},"sameAs":["https:\/\/www.facebook.com\/superiorconstructionservices\/","https:\/\/x.com\/Superior2C","https:\/\/www.linkedin.com\/company\/superior-construction-services-tx\/","https:\/\/www.youtube.com\/channel\/UCUDidzpCUKXRnWJJ_LIjR_w"]}]}},"_links":{"self":[{"href":"https:\/\/superiorconstructionservices.com\/es\/wp-json\/wp\/v2\/pages\/839","targetHints":{"allow":["GET"]}}],"collection":[{"href":"https:\/\/superiorconstructionservices.com\/es\/wp-json\/wp\/v2\/pages"}],"about":[{"href":"https:\/\/superiorconstructionservices.com\/es\/wp-json\/wp\/v2\/types\/page"}],"author":[{"embeddable":true,"href":"https:\/\/superiorconstructionservices.com\/es\/wp-json\/wp\/v2\/users\/2"}],"replies":[{"embeddable":true,"href":"https:\/\/superiorconstructionservices.com\/es\/wp-json\/wp\/v2\/comments?post=839"}],"version-history":[{"count":0,"href":"https:\/\/superiorconstructionservices.com\/es\/wp-json\/wp\/v2\/pages\/839\/revisions"}],"wp:attachment":[{"href":"https:\/\/superiorconstructionservices.com\/es\/wp-json\/wp\/v2\/media?parent=839"}],"curies":[{"name":"wp","href":"https:\/\/api.w.org\/{rel}","templated":true}]}}